{"id":98,"date":"2016-04-22T18:35:08","date_gmt":"2016-04-22T22:35:08","guid":{"rendered":"https:\/\/beachsidesoccer.org\/?page_id=98"},"modified":"2021-02-23T16:48:22","modified_gmt":"2021-02-23T21:48:22","slug":"community-service","status":"publish","type":"page","link":"https:\/\/beachsidesoccer.org\/es\/our-club\/community-service\/","title":{"rendered":"Servicio comunitario"},"content":{"rendered":"<div data-elementor-type=\"wp-page\" data-elementor-id=\"98\" class=\"elementor elementor-98\" data-elementor-post-type=\"page\">\n\t\t\t\t\t\t<section class=\"elementor-section elementor-top-section elementor-element elementor-element-59107298 elementor-section-boxed elementor-section-height-default elementor-section-height-default\" data-id=\"59107298\" data-element_type=\"section\" data-e-type=\"section\">\n\t\t\t\t\t\t<div class=\"elementor-container elementor-column-gap-default\">\n\t\t\t\t\t<div class=\"elementor-column elementor-col-100 elementor-top-column elementor-element elementor-element-4179f57\" data-id=\"4179f57\" data-element_type=\"column\" data-e-type=\"column\">\n\t\t\t<div class=\"elementor-widget-wrap elementor-element-populated\">\n\t\t\t\t\t\t<div class=\"elementor-element elementor-element-47515eb elementor-widget elementor-widget-text-editor\" data-id=\"47515eb\" data-element_type=\"widget\" data-e-type=\"widget\" data-widget_type=\"text-editor.default\">\n\t\t\t\t<div class=\"elementor-widget-container\">\n\t\t\t\t\t\t\t\t\t<p>Beachside Soccer Club se enorgullece de nuestra &quot;cultura de dar&quot;. Retribuir a nuestra comunidad y a los necesitados ha sido la base de los valores fundamentales de nuestro club desde nuestros inicios.<\/p><p>En Beachside, padres, jugadores, personal y voluntarios han organizado y participado en eventos especiales que han recaudado m\u00e1s de $250,000 en beneficio de la Sociedad de Leucemia y Linfoma, donaron equipos de f\u00fatbol espec\u00edficos para Grass Roots Soccer, un programa de prevenci\u00f3n del SIDA en \u00c1frica. , apoy\u00f3 a la organizaci\u00f3n de caridad colombiana de Jorge Acosta y, m\u00e1s recientemente, estableci\u00f3 una unidad de tacos en asociaci\u00f3n con Estudiantes de Argentina.<\/p><p>Nuestra familia de miembros del club y ex alumnos de Beachside ha donado continuamente a nuestro Fondo de Desarrollo, lo que permite que las familias reciban la asistencia financiera necesaria para participar en Beachside.<\/p><p><strong>\u201cBeachside afecta la eternidad. Nunca podemos decir d\u00f3nde termina nuestra influencia &quot;.<\/strong><br \/>\u2013Mickey Kydes, director t\u00e9cnico y fundador<\/p>\t\t\t\t\t\t\t\t<\/div>\n\t\t\t\t<\/div>\n\t\t\t\t\t<\/div>\n\t\t<\/div>\n\t\t\t\t\t<\/div>\n\t\t<\/section>\n\t\t\t\t<section class=\"elementor-section elementor-top-section elementor-element elementor-element-8bc70b1 elementor-section-boxed elementor-section-height-default elementor-section-height-default\" data-id=\"8bc70b1\" data-element_type=\"section\" data-e-type=\"section\">\n\t\t\t\t\t\t<div class=\"elementor-container elementor-column-gap-default\">\n\t\t\t\t\t<div class=\"elementor-column elementor-col-100 elementor-top-column elementor-element elementor-element-7474977\" data-id=\"7474977\" data-element_type=\"column\" data-e-type=\"column\">\n\t\t\t<div class=\"elementor-widget-wrap elementor-element-populated\">\n\t\t\t\t\t\t<section class=\"elementor-section elementor-inner-section elementor-element elementor-element-c6e1089 elementor-section-boxed elementor-section-height-default elementor-section-height-default\" data-id=\"c6e1089\" data-element_type=\"section\" data-e-type=\"section\">\n\t\t\t\t\t\t<div class=\"elementor-container elementor-column-gap-default\">\n\t\t\t\t\t<div class=\"elementor-column elementor-col-50 elementor-inner-column elementor-element elementor-element-87773c6\" data-id=\"87773c6\" data-element_type=\"column\" data-e-type=\"column\">\n\t\t\t<div class=\"elementor-widget-wrap elementor-element-populated\">\n\t\t\t\t\t\t<div class=\"elementor-element elementor-element-0f767ba elementor-widget elementor-widget-image\" data-id=\"0f767ba\" data-element_type=\"widget\" data-e-type=\"widget\" data-widget_type=\"image.default\">\n\t\t\t\t<div class=\"elementor-widget-container\">\n\t\t\t\t\t\t\t\t\t\t\t\t\t\t\t<img fetchpriority=\"high\" decoding=\"async\" width=\"360\" height=\"210\" src=\"https:\/\/beachsidesoccer.org\/wp-content\/uploads\/2016\/02\/Light_the_night2016.jpg\" class=\"attachment-large size-large wp-image-313\" alt=\"Beachside Soccer Players at the &quot;Light the Night&quot; walk for Leukemia Research\" srcset=\"https:\/\/beachsidesoccer.org\/wp-content\/uploads\/2016\/02\/Light_the_night2016.jpg 360w, https:\/\/beachsidesoccer.org\/wp-content\/uploads\/2016\/02\/Light_the_night2016-300x175.jpg 300w\" sizes=\"(max-width: 360px) 100vw, 360px\" \/>\t\t\t\t\t\t\t\t\t\t\t\t\t\t\t<\/div>\n\t\t\t\t<\/div>\n\t\t\t\t\t<\/div>\n\t\t<\/div>\n\t\t\t\t<div class=\"elementor-column elementor-col-50 elementor-inner-column elementor-element elementor-element-5bb5083\" data-id=\"5bb5083\" data-element_type=\"column\" data-e-type=\"column\">\n\t\t\t<div class=\"elementor-widget-wrap elementor-element-populated\">\n\t\t\t\t\t\t<div class=\"elementor-element elementor-element-ec2b977 elementor-widget elementor-widget-image\" data-id=\"ec2b977\" data-element_type=\"widget\" data-e-type=\"widget\" data-widget_type=\"image.default\">\n\t\t\t\t<div class=\"elementor-widget-container\">\n\t\t\t\t\t\t\t\t\t\t\t\t\t\t\t<img decoding=\"async\" width=\"427\" height=\"264\" src=\"https:\/\/beachsidesoccer.org\/wp-content\/uploads\/2021\/01\/Jorge-Acosta_Cleat-Drive-Columbia-1.jpg\" class=\"attachment-large size-large wp-image-26414\" alt=\"Jorge Acosta Charitable Cause\" srcset=\"https:\/\/beachsidesoccer.org\/wp-content\/uploads\/2021\/01\/Jorge-Acosta_Cleat-Drive-Columbia-1.jpg 427w, https:\/\/beachsidesoccer.org\/wp-content\/uploads\/2021\/01\/Jorge-Acosta_Cleat-Drive-Columbia-1-300x185-1.jpg 300w\" sizes=\"(max-width: 427px) 100vw, 427px\" \/>\t\t\t\t\t\t\t\t\t\t\t\t\t\t\t<\/div>\n\t\t\t\t<\/div>\n\t\t\t\t\t<\/div>\n\t\t<\/div>\n\t\t\t\t\t<\/div>\n\t\t<\/section>\n\t\t\t\t<section class=\"elementor-section elementor-inner-section elementor-element elementor-element-e4d355a elementor-section-boxed elementor-section-height-default elementor-section-height-default\" data-id=\"e4d355a\" data-element_type=\"section\" data-e-type=\"section\" data-settings=\"{&quot;background_background&quot;:&quot;classic&quot;}\">\n\t\t\t\t\t\t<div class=\"elementor-container elementor-column-gap-default\">\n\t\t\t\t\t<div class=\"elementor-column elementor-col-50 elementor-inner-column elementor-element elementor-element-c1c16b9\" data-id=\"c1c16b9\" data-element_type=\"column\" data-e-type=\"column\">\n\t\t\t<div class=\"elementor-widget-wrap elementor-element-populated\">\n\t\t\t\t\t\t<div class=\"elementor-element elementor-element-9b3a716 elementor-widget elementor-widget-image\" data-id=\"9b3a716\" data-element_type=\"widget\" data-e-type=\"widget\" data-widget_type=\"image.default\">\n\t\t\t\t<div class=\"elementor-widget-container\">\n\t\t\t\t\t\t\t\t\t\t\t\t\t\t\t<img decoding=\"async\" width=\"660\" height=\"874\" src=\"https:\/\/beachsidesoccer.org\/wp-content\/uploads\/2021\/01\/BSC_Logo_Light_Gold-Border-773x1024.png\" class=\"attachment-large size-large wp-image-26449\" alt=\"\" srcset=\"https:\/\/beachsidesoccer.org\/wp-content\/uploads\/2021\/01\/BSC_Logo_Light_Gold-Border-773x1024.png 773w, https:\/\/beachsidesoccer.org\/wp-content\/uploads\/2021\/01\/BSC_Logo_Light_Gold-Border-227x300.png 227w, https:\/\/beachsidesoccer.org\/wp-content\/uploads\/2021\/01\/BSC_Logo_Light_Gold-Border-768x1017.png 768w, https:\/\/beachsidesoccer.org\/wp-content\/uploads\/2021\/01\/BSC_Logo_Light_Gold-Border.png 959w\" sizes=\"(max-width: 660px) 100vw, 660px\" \/>\t\t\t\t\t\t\t\t\t\t\t\t\t\t\t<\/div>\n\t\t\t\t<\/div>\n\t\t\t\t\t<\/div>\n\t\t<\/div>\n\t\t\t\t<div class=\"elementor-column elementor-col-50 elementor-inner-column elementor-element elementor-element-478406c\" data-id=\"478406c\" data-element_type=\"column\" data-e-type=\"column\">\n\t\t\t<div class=\"elementor-widget-wrap elementor-element-populated\">\n\t\t\t\t\t\t<div class=\"elementor-element elementor-element-049dc21 elementor-widget elementor-widget-image\" data-id=\"049dc21\" data-element_type=\"widget\" data-e-type=\"widget\" data-widget_type=\"image.default\">\n\t\t\t\t<div class=\"elementor-widget-container\">\n\t\t\t\t\t\t\t\t\t\t\t\t\t\t\t<img loading=\"lazy\" decoding=\"async\" width=\"483\" height=\"546\" src=\"https:\/\/beachsidesoccer.org\/wp-content\/uploads\/2021\/01\/EDELP-Logo.png\" class=\"attachment-large size-large wp-image-26335\" alt=\"estudiantes de la plata, argentina\" srcset=\"https:\/\/beachsidesoccer.org\/wp-content\/uploads\/2021\/01\/EDELP-Logo.png 483w, https:\/\/beachsidesoccer.org\/wp-content\/uploads\/2021\/01\/EDELP-Logo-265x300.png 265w\" sizes=\"(max-width: 483px) 100vw, 483px\" \/>\t\t\t\t\t\t\t\t\t\t\t\t\t\t\t<\/div>\n\t\t\t\t<\/div>\n\t\t\t\t\t<\/div>\n\t\t<\/div>\n\t\t\t\t\t<\/div>\n\t\t<\/section>\n\t\t\t\t<section class=\"elementor-section elementor-inner-section elementor-element elementor-element-1b8279d elementor-section-boxed elementor-section-height-default elementor-section-height-default\" data-id=\"1b8279d\" data-element_type=\"section\" data-e-type=\"section\" data-settings=\"{&quot;background_background&quot;:&quot;classic&quot;}\">\n\t\t\t\t\t\t<div class=\"elementor-container elementor-column-gap-default\">\n\t\t\t\t\t<div class=\"elementor-column elementor-col-100 elementor-inner-column elementor-element elementor-element-cb75546\" data-id=\"cb75546\" data-element_type=\"column\" data-e-type=\"column\">\n\t\t\t<div class=\"elementor-widget-wrap elementor-element-populated\">\n\t\t\t\t\t\t<div class=\"elementor-element elementor-element-05b2e1d elementor-widget elementor-widget-text-editor\" data-id=\"05b2e1d\" data-element_type=\"widget\" data-e-type=\"widget\" data-widget_type=\"text-editor.default\">\n\t\t\t\t<div class=\"elementor-widget-container\">\n\t\t\t\t\t\t\t\t\t<p>AYUDANDO A HACER LA DIFERENCIA<br \/>UNA CALA A LA VEZ<\/p>\t\t\t\t\t\t\t\t<\/div>\n\t\t\t\t<\/div>\n\t\t\t\t\t<\/div>\n\t\t<\/div>\n\t\t\t\t\t<\/div>\n\t\t<\/section>\n\t\t\t\t<section class=\"elementor-section elementor-inner-section elementor-element elementor-element-2d15285 elementor-section-boxed elementor-section-height-default elementor-section-height-default\" data-id=\"2d15285\" data-element_type=\"section\" data-e-type=\"section\">\n\t\t\t\t\t\t<div class=\"elementor-container elementor-column-gap-default\">\n\t\t\t\t\t<div class=\"elementor-column elementor-col-50 elementor-inner-column elementor-element elementor-element-51056c5\" data-id=\"51056c5\" data-element_type=\"column\" data-e-type=\"column\">\n\t\t\t<div class=\"elementor-widget-wrap elementor-element-populated\">\n\t\t\t\t\t\t<div class=\"elementor-element elementor-element-ba6f278 elementor-widget elementor-widget-image\" data-id=\"ba6f278\" data-element_type=\"widget\" data-e-type=\"widget\" data-widget_type=\"image.default\">\n\t\t\t\t<div class=\"elementor-widget-container\">\n\t\t\t\t\t\t\t\t\t\t\t\t\t\t\t<img loading=\"lazy\" decoding=\"async\" width=\"467\" height=\"345\" src=\"https:\/\/beachsidesoccer.org\/wp-content\/uploads\/2021\/01\/community4.jpg\" class=\"attachment-large size-large wp-image-26442\" alt=\"Mickey with Cleat Donations\" srcset=\"https:\/\/beachsidesoccer.org\/wp-content\/uploads\/2021\/01\/community4.jpg 467w, https:\/\/beachsidesoccer.org\/wp-content\/uploads\/2021\/01\/community4-300x222-1.jpg 300w\" sizes=\"(max-width: 467px) 100vw, 467px\" \/>\t\t\t\t\t\t\t\t\t\t\t\t\t\t\t<\/div>\n\t\t\t\t<\/div>\n\t\t\t\t\t<\/div>\n\t\t<\/div>\n\t\t\t\t<div class=\"elementor-column elementor-col-50 elementor-inner-column elementor-element elementor-element-cc48984\" data-id=\"cc48984\" data-element_type=\"column\" data-e-type=\"column\">\n\t\t\t<div class=\"elementor-widget-wrap elementor-element-populated\">\n\t\t\t\t\t\t<div class=\"elementor-element elementor-element-05f414e elementor-widget elementor-widget-image\" data-id=\"05f414e\" data-element_type=\"widget\" data-e-type=\"widget\" data-widget_type=\"image.default\">\n\t\t\t\t<div class=\"elementor-widget-container\">\n\t\t\t\t\t\t\t\t\t\t\t\t\t\t\t<img loading=\"lazy\" decoding=\"async\" width=\"512\" height=\"223\" src=\"https:\/\/beachsidesoccer.org\/wp-content\/uploads\/2021\/01\/community5.jpg\" class=\"attachment-large size-large wp-image-26444\" alt=\"Beachside and estudiantes de la plata\" srcset=\"https:\/\/beachsidesoccer.org\/wp-content\/uploads\/2021\/01\/community5.jpg 512w, https:\/\/beachsidesoccer.org\/wp-content\/uploads\/2021\/01\/community5-300x131-1.jpg 300w\" sizes=\"(max-width: 512px) 100vw, 512px\" \/>\t\t\t\t\t\t\t\t\t\t\t\t\t\t\t<\/div>\n\t\t\t\t<\/div>\n\t\t\t\t\t<\/div>\n\t\t<\/div>\n\t\t\t\t\t<\/div>\n\t\t<\/section>\n\t\t\t\t\t<\/div>\n\t\t<\/div>\n\t\t\t\t\t<\/div>\n\t\t<\/section>\n\t\t\t\t<\/div>","protected":false},"excerpt":{"rendered":"<p>Beachside Soccer Club prides itself on our &#8220;Culture of Giving.&#8221; Giving Back to our community and those in need has been at the foundation of our club\u2019s Core Values since &hellip; <a href=\"https:\/\/beachsidesoccer.org\/es\/our-club\/community-service\/\" class=\"more-link\">Continue reading <span class=\"screen-reader-text\">Servicio comunitario<\/span><\/a><\/p>","protected":false},"author":1,"featured_media":0,"parent":10,"menu_order":7,"comment_status":"closed","ping_status":"closed","template":"page-basic.php","meta":{"_acf_changed":false,"footnotes":""},"class_list":["post-98","page","type-page","status-publish","hentry"],"acf":[],"yoast_head":"<!-- This site is optimized with the Yoast SEO plugin v27.4 - https:\/\/yoast.com\/product\/yoast-seo-wordpress\/ -->\n<title>Youth Development Program - Community Service - Beachside Soccer<\/title>\n<meta name=\"description\" content=\"Beachside is a youth development program more than it is a youth sports program. &quot;Giving Back&quot; is core value for our club.\" \/>\n<meta name=\"robots\" content=\"index, follow, max-snippet:-1, max-image-preview:large, max-video-preview:-1\" \/>\n<link rel=\"canonical\" href=\"https:\/\/beachsidesoccer.org\/es\/our-club\/community-service\/\" \/>\n<meta property=\"og:locale\" content=\"es_MX\" \/>\n<meta property=\"og:type\" content=\"article\" \/>\n<meta property=\"og:title\" content=\"Youth Development Program - Community Service - Beachside Soccer\" \/>\n<meta property=\"og:description\" content=\"Beachside is a youth development program more than it is a youth sports program. &quot;Giving Back&quot; is core value for our club.\" \/>\n<meta property=\"og:url\" content=\"https:\/\/beachsidesoccer.org\/es\/our-club\/community-service\/\" \/>\n<meta property=\"og:site_name\" content=\"Beachside Soccer\" \/>\n<meta property=\"article:modified_time\" content=\"2021-02-23T21:48:22+00:00\" \/>\n<meta property=\"og:image\" content=\"https:\/\/beachsidesoccer.org\/wp-content\/uploads\/2016\/02\/Light_the_night2016.jpg\" \/>\n<meta name=\"twitter:card\" content=\"summary_large_image\" \/>\n<meta name=\"twitter:label1\" content=\"Tiempo de lectura\" \/>\n\t<meta name=\"twitter:data1\" content=\"2 minutos\" \/>\n<script type=\"application\/ld+json\" class=\"yoast-schema-graph\">{\"@context\":\"https:\\\/\\\/schema.org\",\"@graph\":[{\"@type\":\"WebPage\",\"@id\":\"https:\\\/\\\/beachsidesoccer.org\\\/our-club\\\/community-service\\\/\",\"url\":\"https:\\\/\\\/beachsidesoccer.org\\\/our-club\\\/community-service\\\/\",\"name\":\"Youth Development Program - Community Service - Beachside Soccer\",\"isPartOf\":{\"@id\":\"https:\\\/\\\/beachsidesoccer.org\\\/#website\"},\"primaryImageOfPage\":{\"@id\":\"https:\\\/\\\/beachsidesoccer.org\\\/our-club\\\/community-service\\\/#primaryimage\"},\"image\":{\"@id\":\"https:\\\/\\\/beachsidesoccer.org\\\/our-club\\\/community-service\\\/#primaryimage\"},\"thumbnailUrl\":\"https:\\\/\\\/beachsidesoccer.org\\\/wp-content\\\/uploads\\\/2016\\\/02\\\/Light_the_night2016.jpg\",\"datePublished\":\"2016-04-22T22:35:08+00:00\",\"dateModified\":\"2021-02-23T21:48:22+00:00\",\"description\":\"Beachside is a youth development program more than it is a youth sports program. \\\"Giving Back\\\" is core value for our club.\",\"breadcrumb\":{\"@id\":\"https:\\\/\\\/beachsidesoccer.org\\\/our-club\\\/community-service\\\/#breadcrumb\"},\"inLanguage\":\"es\",\"potentialAction\":[{\"@type\":\"ReadAction\",\"target\":[\"https:\\\/\\\/beachsidesoccer.org\\\/our-club\\\/community-service\\\/\"]}]},{\"@type\":\"ImageObject\",\"inLanguage\":\"es\",\"@id\":\"https:\\\/\\\/beachsidesoccer.org\\\/our-club\\\/community-service\\\/#primaryimage\",\"url\":\"https:\\\/\\\/beachsidesoccer.org\\\/wp-content\\\/uploads\\\/2016\\\/02\\\/Light_the_night2016.jpg\",\"contentUrl\":\"https:\\\/\\\/beachsidesoccer.org\\\/wp-content\\\/uploads\\\/2016\\\/02\\\/Light_the_night2016.jpg\"},{\"@type\":\"BreadcrumbList\",\"@id\":\"https:\\\/\\\/beachsidesoccer.org\\\/our-club\\\/community-service\\\/#breadcrumb\",\"itemListElement\":[{\"@type\":\"ListItem\",\"position\":1,\"name\":\"Home\",\"item\":\"https:\\\/\\\/beachsidesoccer.org\\\/\"},{\"@type\":\"ListItem\",\"position\":2,\"name\":\"Our Club\",\"item\":\"https:\\\/\\\/beachsidesoccer.org\\\/our-club\\\/\"},{\"@type\":\"ListItem\",\"position\":3,\"name\":\"Community Service\"}]},{\"@type\":\"WebSite\",\"@id\":\"https:\\\/\\\/beachsidesoccer.org\\\/#website\",\"url\":\"https:\\\/\\\/beachsidesoccer.org\\\/\",\"name\":\"Beachside Soccer\",\"description\":\"\",\"publisher\":{\"@id\":\"https:\\\/\\\/beachsidesoccer.org\\\/#organization\"},\"potentialAction\":[{\"@type\":\"SearchAction\",\"target\":{\"@type\":\"EntryPoint\",\"urlTemplate\":\"https:\\\/\\\/beachsidesoccer.org\\\/?s={search_term_string}\"},\"query-input\":{\"@type\":\"PropertyValueSpecification\",\"valueRequired\":true,\"valueName\":\"search_term_string\"}}],\"inLanguage\":\"es\"},{\"@type\":\"Organization\",\"@id\":\"https:\\\/\\\/beachsidesoccer.org\\\/#organization\",\"name\":\"Beachside Soccer Club\",\"url\":\"https:\\\/\\\/beachsidesoccer.org\\\/\",\"logo\":{\"@type\":\"ImageObject\",\"inLanguage\":\"es\",\"@id\":\"https:\\\/\\\/beachsidesoccer.org\\\/#\\\/schema\\\/logo\\\/image\\\/\",\"url\":\"https:\\\/\\\/beachsidesoccer.org\\\/wp-content\\\/uploads\\\/2016\\\/06\\\/beachside-bright-logo_small.jpg\",\"contentUrl\":\"https:\\\/\\\/beachsidesoccer.org\\\/wp-content\\\/uploads\\\/2016\\\/06\\\/beachside-bright-logo_small.jpg\",\"width\":144,\"height\":179,\"caption\":\"Beachside Soccer Club\"},\"image\":{\"@id\":\"https:\\\/\\\/beachsidesoccer.org\\\/#\\\/schema\\\/logo\\\/image\\\/\"}}]}<\/script>\n<!-- \/ Yoast SEO plugin. -->","yoast_head_json":{"title":"Youth Development Program - Community Service - Beachside Soccer","description":"Beachside is a youth development program more than it is a youth sports program. \"Giving Back\" is core value for our club.","robots":{"index":"index","follow":"follow","max-snippet":"max-snippet:-1","max-image-preview":"max-image-preview:large","max-video-preview":"max-video-preview:-1"},"canonical":"https:\/\/beachsidesoccer.org\/es\/our-club\/community-service\/","og_locale":"es_MX","og_type":"article","og_title":"Youth Development Program - Community Service - Beachside Soccer","og_description":"Beachside is a youth development program more than it is a youth sports program. \"Giving Back\" is core value for our club.","og_url":"https:\/\/beachsidesoccer.org\/es\/our-club\/community-service\/","og_site_name":"Beachside Soccer","article_modified_time":"2021-02-23T21:48:22+00:00","og_image":[{"url":"https:\/\/beachsidesoccer.org\/wp-content\/uploads\/2016\/02\/Light_the_night2016.jpg","type":"","width":"","height":""}],"twitter_card":"summary_large_image","twitter_misc":{"Tiempo de lectura":"2 minutos"},"schema":{"@context":"https:\/\/schema.org","@graph":[{"@type":"WebPage","@id":"https:\/\/beachsidesoccer.org\/our-club\/community-service\/","url":"https:\/\/beachsidesoccer.org\/our-club\/community-service\/","name":"Youth Development Program - Community Service - Beachside Soccer","isPartOf":{"@id":"https:\/\/beachsidesoccer.org\/#website"},"primaryImageOfPage":{"@id":"https:\/\/beachsidesoccer.org\/our-club\/community-service\/#primaryimage"},"image":{"@id":"https:\/\/beachsidesoccer.org\/our-club\/community-service\/#primaryimage"},"thumbnailUrl":"https:\/\/beachsidesoccer.org\/wp-content\/uploads\/2016\/02\/Light_the_night2016.jpg","datePublished":"2016-04-22T22:35:08+00:00","dateModified":"2021-02-23T21:48:22+00:00","description":"Beachside is a youth development program more than it is a youth sports program. \"Giving Back\" is core value for our club.","breadcrumb":{"@id":"https:\/\/beachsidesoccer.org\/our-club\/community-service\/#breadcrumb"},"inLanguage":"es","potentialAction":[{"@type":"ReadAction","target":["https:\/\/beachsidesoccer.org\/our-club\/community-service\/"]}]},{"@type":"ImageObject","inLanguage":"es","@id":"https:\/\/beachsidesoccer.org\/our-club\/community-service\/#primaryimage","url":"https:\/\/beachsidesoccer.org\/wp-content\/uploads\/2016\/02\/Light_the_night2016.jpg","contentUrl":"https:\/\/beachsidesoccer.org\/wp-content\/uploads\/2016\/02\/Light_the_night2016.jpg"},{"@type":"BreadcrumbList","@id":"https:\/\/beachsidesoccer.org\/our-club\/community-service\/#breadcrumb","itemListElement":[{"@type":"ListItem","position":1,"name":"Home","item":"https:\/\/beachsidesoccer.org\/"},{"@type":"ListItem","position":2,"name":"Our Club","item":"https:\/\/beachsidesoccer.org\/our-club\/"},{"@type":"ListItem","position":3,"name":"Community Service"}]},{"@type":"WebSite","@id":"https:\/\/beachsidesoccer.org\/#website","url":"https:\/\/beachsidesoccer.org\/","name":"F\u00fatbol junto a la playa","description":"","publisher":{"@id":"https:\/\/beachsidesoccer.org\/#organization"},"potentialAction":[{"@type":"SearchAction","target":{"@type":"EntryPoint","urlTemplate":"https:\/\/beachsidesoccer.org\/?s={search_term_string}"},"query-input":{"@type":"PropertyValueSpecification","valueRequired":true,"valueName":"search_term_string"}}],"inLanguage":"es"},{"@type":"Organization","@id":"https:\/\/beachsidesoccer.org\/#organization","name":"Club de f\u00fatbol junto a la playa","url":"https:\/\/beachsidesoccer.org\/","logo":{"@type":"ImageObject","inLanguage":"es","@id":"https:\/\/beachsidesoccer.org\/#\/schema\/logo\/image\/","url":"https:\/\/beachsidesoccer.org\/wp-content\/uploads\/2016\/06\/beachside-bright-logo_small.jpg","contentUrl":"https:\/\/beachsidesoccer.org\/wp-content\/uploads\/2016\/06\/beachside-bright-logo_small.jpg","width":144,"height":179,"caption":"Beachside Soccer Club"},"image":{"@id":"https:\/\/beachsidesoccer.org\/#\/schema\/logo\/image\/"}}]}},"_links":{"self":[{"href":"https:\/\/beachsidesoccer.org\/es\/wp-json\/wp\/v2\/pages\/98","targetHints":{"allow":["GET"]}}],"collection":[{"href":"https:\/\/beachsidesoccer.org\/es\/wp-json\/wp\/v2\/pages"}],"about":[{"href":"https:\/\/beachsidesoccer.org\/es\/wp-json\/wp\/v2\/types\/page"}],"author":[{"embeddable":true,"href":"https:\/\/beachsidesoccer.org\/es\/wp-json\/wp\/v2\/users\/1"}],"replies":[{"embeddable":true,"href":"https:\/\/beachsidesoccer.org\/es\/wp-json\/wp\/v2\/comments?post=98"}],"version-history":[{"count":0,"href":"https:\/\/beachsidesoccer.org\/es\/wp-json\/wp\/v2\/pages\/98\/revisions"}],"up":[{"embeddable":true,"href":"https:\/\/beachsidesoccer.org\/es\/wp-json\/wp\/v2\/pages\/10"}],"wp:attachment":[{"href":"https:\/\/beachsidesoccer.org\/es\/wp-json\/wp\/v2\/media?parent=98"}],"curies":[{"name":"wp","href":"https:\/\/api.w.org\/{rel}","templated":true}]}}