{"id":94,"date":"2016-04-22T18:34:10","date_gmt":"2016-04-22T22:34:10","guid":{"rendered":"https:\/\/beachsidesoccer.org\/?page_id=94"},"modified":"2021-10-29T11:02:56","modified_gmt":"2021-10-29T15:02:56","slug":"advisors","status":"publish","type":"page","link":"https:\/\/beachsidesoccer.org\/es\/our-club\/advisors\/","title":{"rendered":"Asesores"},"content":{"rendered":"<p>Los Beachside Advisors tienen una gran experiencia en todas las facetas del mundo del f\u00fatbol y han sido un gran recurso para el club. Est\u00e1n disponibles de forma legible y est\u00e1n aqu\u00ed para apoyar y guiar a Beachside en toda su programaci\u00f3n. Su experiencia y comentarios han sido y son clave para el \u00e9xito del Beachside Soccer Club.<\/p>\n<table class=\"alignleft\" style=\"height: 470px;\" width=\"659\">\n<tbody>\n<tr>\n<td style=\"width: 120px; text-align: left; vertical-align: top;\"><img decoding=\"async\" class=\"alignleft wp-image-1992\" src=\"https:\/\/beachsidesoccer.org\/wp-content\/uploads\/2016\/04\/manning-e1465490329399.jpg\" alt=\"Billy Manning\" width=\"143\" height=\"160\" \/><\/td>\n<td style=\"width: 407px; text-align: left; vertical-align: top;\"><span style=\"color: #e8432f;\"><strong><span style=\"color: #1e2a55;\">Billy Manning<\/span><br \/>\n<\/strong><\/span><strong>Toronto FC,\u00a0<\/strong>MLS<br \/>\n<em>presidente<\/em><\/p>\n<p>Bill Manning tiene una gran experiencia en el campo de f\u00fatbol y en el negocio de los deportes. Actualmente es el presidente de <strong>Campeones de la Major League Soccer 2017 Toronto FC.<\/strong><\/p>\n<p>Bill ha disfrutado de una exitosa carrera de 20 a\u00f1os que incluye puestos ejecutivos en la NFL (Philadelphia Eagles) y NBA (Houston Rockets), as\u00ed como gerente general del Real Salt Lake de la MLS.<\/p>\n<p>Bajo la direcci\u00f3n de Manning, el Real Salt Lake gan\u00f3 la Copa MLS en 2009 y fue el primer equipo de la MLS en avanzar a la final de la Liga de Campeones de la CONCACAF en 2011. Desde su llegada, RSL ha saltado a la \u00e9lite de la Liga en pr\u00e1cticamente todas las m\u00e9tricas, incluida la victoria. porcentaje, ingresos por patrocinio y venta de entradas, merchandising y cobertura de los medios. M\u00e1s recientemente, Manning fue nombrado Ejecutivo del A\u00f1o de la MLS 2012.<\/p>\n<p>Un destacado futbolista de All-America en la Universidad de Bridgeport, Manning luego gan\u00f3 una Copa Abierta de EE. UU. Con los italianos de Brooklyn y jug\u00f3 en las ligas de f\u00fatbol United con Penn-Jersey Spirit, Valley Golden Eagles y New York Fever.<strong>\u00a0<\/strong><\/td>\n<\/tr>\n<tr>\n<td style=\"width: 120px; text-align: left; vertical-align: top;\"><span style=\"color: #1e2a55;\"><img decoding=\"async\" class=\"alignnone wp-image-20341\" src=\"https:\/\/beachsidesoccer.org\/wp-content\/uploads\/2019\/02\/martino-kyle-e1549824366542-260x300.jpg\" alt=\"Kyle Martino\" width=\"143\" height=\"165\" srcset=\"https:\/\/beachsidesoccer.org\/wp-content\/uploads\/2019\/02\/martino-kyle-e1549824366542-260x300.jpg 260w, https:\/\/beachsidesoccer.org\/wp-content\/uploads\/2019\/02\/martino-kyle-e1549824366542.jpg 280w\" sizes=\"(max-width: 143px) 100vw, 143px\" \/><\/span><\/td>\n<td style=\"width: 407px; text-align: left; vertical-align: top;\"><span style=\"color: #e8432f;\"><strong><span style=\"color: #1e2a55;\">Kyle Martino<\/span><br \/>\n<\/strong><\/span><strong>Over Under Initiative, <\/strong>Alumni<\/p>\n<p>A former Beachside player and Gatorade National Player of the Year for Staples High School, Kyle was ACC Player of the Year at the University of Virginia and 2002 MLS Rookie of the Year. He had an 8-year career in the MLS with the Columbus Crew and the Los Angeles Galaxy.<\/p>\n<p>Martino es analista de estudio y comentarista de color para la cobertura de NBC Sports de la <strong>Liga Premier Inglesa<\/strong>. Martino se desempe\u00f1\u00f3 anteriormente como comentarista de color para MLS en la familia de redes de ESPN.<\/td>\n<\/tr>\n<tr>\n<td style=\"width: 120px; text-align: left; vertical-align: top;\"><img decoding=\"async\" class=\"alignnone wp-image-20336\" src=\"https:\/\/beachsidesoccer.org\/wp-content\/uploads\/2019\/02\/Giovanni-Savarese.jpg\" alt=\"Giovanni Savarese\" width=\"143\" height=\"179\" \/><\/td>\n<td style=\"width: 407px; text-align: left; vertical-align: top;\"><b><span style=\"color: #1e2a55;\">Giovanni Savarese<\/span><br \/>\n<\/b><span class=\"s2\"><b>Maderas de Portland, <\/b>MLS<br \/>\n<\/span><em><span class=\"s2\">Entrenador<\/span><\/em><\/p>\n<p>En su primera temporada con el club, Giovanni Savarese llev\u00f3 a los Timbers a 15 victorias en la temporada regular en 2018, empatado en la tercera mayor cantidad de victorias para un entrenador en jefe de primer a\u00f1o en la historia de la MLS. Bajo la direcci\u00f3n de Savarese, los Timbers ganaron su segundo Campeonato de la Conferencia Oeste. <strong>y avanz\u00f3 a su segunda Copa MLS en 2018.<\/strong> Con 18 victorias en total, incluida una impresionante carrera de playoffs, Savarese se convirti\u00f3 en uno de los tres entrenadores en jefe desde 2000 en registrar 18 o m\u00e1s victorias, incluidos los playoffs, en su primer a\u00f1o como entrenador en jefe en la liga. Tambi\u00e9n se convirti\u00f3 en el segundo entrenador en jefe en las \u00faltimas 14 temporadas en avanzar a la Copa MLS en su primer a\u00f1o en la MLS.<\/p>\n<p>Nombrado entrenador en jefe de los Timbers el 18 de diciembre de 2017, Savarese aporta m\u00e1s de 25 a\u00f1os de experiencia profesional como jugador y entrenador a la organizaci\u00f3n Timbers. Pas\u00f3 las cinco temporadas anteriores como entrenador en jefe y director deportivo del New York Cosmos, donde desarroll\u00f3 uno de los clubes m\u00e1s exitosos de la NASL, compilando un r\u00e9cord de 65-26-44 en 135 juegos de temporada regular.<\/p>\n<p>Savarese disfrut\u00f3 de una carrera profesional de 18 a\u00f1os, incluidas cinco temporadas en la Major League Soccer, anotando 159 goles en 322 partidos jugados en varias ligas de Estados Unidos, Venezuela, Italia e Inglaterra.<\/td>\n<\/tr>\n<tr>\n<td style=\"width: 120px; text-align: left; vertical-align: top;\"><img loading=\"lazy\" decoding=\"async\" class=\"alignleft wp-image-27062\" src=\"https:\/\/beachsidesoccer.org\/wp-content\/uploads\/2021\/03\/Treasure_d-e1614736838572-300x271.jpeg\" alt=\"Dr. Darren Treasure\" width=\"166\" height=\"150\" srcset=\"https:\/\/beachsidesoccer.org\/wp-content\/uploads\/2021\/03\/Treasure_d-e1614736838572-300x271.jpeg 300w, https:\/\/beachsidesoccer.org\/wp-content\/uploads\/2021\/03\/Treasure_d-e1614736838572-13x12.jpeg 13w, https:\/\/beachsidesoccer.org\/wp-content\/uploads\/2021\/03\/Treasure_d-e1614736838572.jpeg 387w\" sizes=\"(max-width: 166px) 100vw, 166px\" \/><\/td>\n<td style=\"width: 407px; text-align: left; vertical-align: top;\"><span style=\"color: #e8432f;\"><strong><span style=\"color: #1e2a55;\">Dr. Darren Treasure<br \/>\n<\/span><\/strong><span style=\"color: #000000;\"><em><span class=\"s2\">Sports Performance<\/span><\/em><\/span><strong><br \/>\n<\/strong><\/span><br \/>\nDurante m\u00e1s de veinticinco a\u00f1os, Darren se ha desempe\u00f1ado como entrenador de rendimiento mental para equipos, entrenadores y atletas que compiten en deportes de \u00e9lite. Ha tenido la oportunidad de trabajar con m\u00faltiples campeones ol\u00edmpicos y mundiales, la Copa Mundial de la FIFA, el Super Bowl y los ganadores individuales y por equipos de la NCAA. Darren, ex profesor titular de la Universidad Estatal de Arizona, actualmente tiene una c\u00e1tedra honoraria en la Universidad de Bath en el Reino Unido, donde contin\u00faa su investigaci\u00f3n sobre la motivaci\u00f3n y el desempe\u00f1o humano.<\/td>\n<\/tr>\n<tr>\n<td style=\"width: 120px; text-align: left; vertical-align: top;\"><img loading=\"lazy\" decoding=\"async\" class=\"alignnone wp-image-20335\" src=\"https:\/\/beachsidesoccer.org\/wp-content\/uploads\/2019\/02\/Peter-Vermes-e1549824402391.jpg\" alt=\"Peter Vermes\" width=\"143\" height=\"172\" \/><\/td>\n<td style=\"width: 407px; text-align: left; vertical-align: top;\"><b><span style=\"color: #1e2a55;\">Peter Vermes<\/span><br \/>\n<\/b><b>Sporting Kansas City, <\/b>MLS<br \/>\n<em><span class=\"s2\">Gerente y Director T\u00e9cnico<\/span><\/em><\/p>\n<p>Gerente y Director T\u00e9cnico\u00a0<span class=\"s3\">Peter Vermes<\/span><span class=\"s2\"> supervisa todas las operaciones de f\u00fatbol para Sporting Kansas City, incluidas las tareas de entrenador en jefe, la gesti\u00f3n de la lista, la exploraci\u00f3n y la supervisi\u00f3n de Swope Park Rangers y Sporting KC Academy. Vermes se convirti\u00f3 en director t\u00e9cnico del club en 2006 y asumi\u00f3 el mando como entrenador en 2009.<\/span><\/p>\n<p><strong>Vermes es el entrenador en jefe con m\u00e1s a\u00f1os de antig\u00fcedad en la MLS y el quinto entrenador con m\u00e1s victorias en la historia de la MLS.<\/strong> Durante su mandato en Kansas City, ha ganado cuatro trofeos importantes (2012, 2015 y 2017 Lamar Hunt US Open Cup y la Copa MLS 2013) y termin\u00f3 en la cima de la clasificaci\u00f3n de la conferencia en 2011, 2012 y 2018. Es el primer entrenador en la historia del club para llevar al Sporting KC a ocho apariciones consecutivas en la postemporada, as\u00ed como la \u00fanica persona que ha ganado la Copa MLS como jugador y entrenador con el mismo equipo.<\/p>\n<p>Vermes tambi\u00e9n fue parte integral de un equipo joven de Estados Unidos en la Copa del Mundo de 1990 en Italia, lo que marc\u00f3 la primera vez que Estados Unidos se clasific\u00f3 para la Copa del Mundo en 40 a\u00f1os.<\/td>\n<\/tr>\n<tr style=\"height: 162px;\">\n<td style=\"width: 120px; text-align: left; vertical-align: top;\"><strong><img loading=\"lazy\" decoding=\"async\" class=\"left align wp-image-1987 size-thumbnail\" src=\"https:\/\/beachsidesoccer.org\/wp-content\/uploads\/2016\/04\/cuco-150x150-1.jpg\" alt=\"Jose Angel \u201cCuco\u201d Zigande\" width=\"150\" height=\"150\" \/><\/strong><\/td>\n<td style=\"width: 407px; height: 20px; text-align: left; vertical-align: top;\"><span style=\"color: #e8432f;\"><strong><span style=\"color: #1e2a55;\">Jose Angel \u201cCuco\u201d Zigande<\/span><br \/>\n<\/strong><\/span><strong>Real Oviedo, <\/strong>Segunda Divisi\u00f3n<br \/>\n<em>Manager<\/em><\/p>\n<p>&#039;Cuco&#039; es un futbolista espa\u00f1ol retirado que jugaba como delantero centro, y\u00a0<strong class=\"\">dirigi\u00f3 el Athletic de Bilbao de 2016 a 2018.<\/strong><\/p>\n<p><strong>Jug\u00f3 en 381 partidos de La Liga en el transcurso de 12 temporadas (111 goles marcados)<\/strong>, en representaci\u00f3n de Osasuna y Athletic de Bilbao, y jug\u00f3 dos partidos con la Selecci\u00f3n Espa\u00f1ola.<\/p>\n<p>&#039;Cuco&#039;, de Larraintzar Espa\u00f1a, es producto del sistema juvenil de CA Osasuna. Despu\u00e9s de una temporada como entrenador de dos a\u00f1os con el equipo B de Osasuna, Zigande dirigi\u00f3 al equipo completo de Osasuna en las semifinales de la Copa de la UEFA y una aparici\u00f3n en los cuartos de final de la Copa del Rey de Espa\u00f1a y m\u00e1s tarde dirigi\u00f3 al Xerez CD de La Liga durante la temporada 2009-10. temporada. Ha trabajado con varios niveles de la Academia de la Juventud de Osasuna.<\/td>\n<\/tr>\n<\/tbody>\n<\/table>\n<p>&nbsp;<\/p>","protected":false},"excerpt":{"rendered":"<p>The Beachside Advisors have a wealth of experience from all facets of the soccer world and have been a tremendous resource to the club. They are readably available and here &hellip; <a href=\"https:\/\/beachsidesoccer.org\/es\/our-club\/advisors\/\" class=\"more-link\">Continue reading <span class=\"screen-reader-text\">Asesores<\/span><\/a><\/p>","protected":false},"author":1,"featured_media":0,"parent":10,"menu_order":4,"comment_status":"closed","ping_status":"closed","template":"page-basic.php","meta":{"_acf_changed":false,"footnotes":""},"class_list":["post-94","page","type-page","status-publish","hentry"],"acf":[],"yoast_head":"<!-- This site is optimized with the Yoast SEO plugin v27.4 - https:\/\/yoast.com\/product\/yoast-seo-wordpress\/ -->\n<title>Professional Soccer Advisory Board - Beachside Soccer<\/title>\n<meta name=\"description\" content=\"Beachside has formed a Board of Advisors from the professional soccer world to act as a sounding board for decision-making.\" \/>\n<meta name=\"robots\" content=\"index, follow, max-snippet:-1, max-image-preview:large, max-video-preview:-1\" \/>\n<link rel=\"canonical\" href=\"https:\/\/beachsidesoccer.org\/es\/our-club\/advisors\/\" \/>\n<meta property=\"og:locale\" content=\"es_MX\" \/>\n<meta property=\"og:type\" content=\"article\" \/>\n<meta property=\"og:title\" content=\"Professional Soccer Advisory Board - Beachside Soccer\" \/>\n<meta property=\"og:description\" content=\"Beachside has formed a Board of Advisors from the professional soccer world to act as a sounding board for decision-making.\" \/>\n<meta property=\"og:url\" content=\"https:\/\/beachsidesoccer.org\/es\/our-club\/advisors\/\" \/>\n<meta property=\"og:site_name\" content=\"Beachside Soccer\" \/>\n<meta property=\"article:modified_time\" content=\"2021-10-29T15:02:56+00:00\" \/>\n<meta property=\"og:image\" content=\"https:\/\/beachsidesoccer.org\/wp-content\/uploads\/2016\/04\/manning-e1465490329399.jpg\" \/>\n<meta name=\"twitter:card\" content=\"summary_large_image\" \/>\n<meta name=\"twitter:label1\" content=\"Tiempo de lectura\" \/>\n\t<meta name=\"twitter:data1\" content=\"6 minutos\" \/>\n<script type=\"application\/ld+json\" class=\"yoast-schema-graph\">{\"@context\":\"https:\\\/\\\/schema.org\",\"@graph\":[{\"@type\":\"WebPage\",\"@id\":\"https:\\\/\\\/beachsidesoccer.org\\\/our-club\\\/advisors\\\/\",\"url\":\"https:\\\/\\\/beachsidesoccer.org\\\/our-club\\\/advisors\\\/\",\"name\":\"Professional Soccer Advisory Board - Beachside Soccer\",\"isPartOf\":{\"@id\":\"https:\\\/\\\/beachsidesoccer.org\\\/#website\"},\"primaryImageOfPage\":{\"@id\":\"https:\\\/\\\/beachsidesoccer.org\\\/our-club\\\/advisors\\\/#primaryimage\"},\"image\":{\"@id\":\"https:\\\/\\\/beachsidesoccer.org\\\/our-club\\\/advisors\\\/#primaryimage\"},\"thumbnailUrl\":\"https:\\\/\\\/beachsidesoccer.org\\\/wp-content\\\/uploads\\\/2016\\\/04\\\/manning-e1465490329399.jpg\",\"datePublished\":\"2016-04-22T22:34:10+00:00\",\"dateModified\":\"2021-10-29T15:02:56+00:00\",\"description\":\"Beachside has formed a Board of Advisors from the professional soccer world to act as a sounding board for decision-making.\",\"breadcrumb\":{\"@id\":\"https:\\\/\\\/beachsidesoccer.org\\\/our-club\\\/advisors\\\/#breadcrumb\"},\"inLanguage\":\"es\",\"potentialAction\":[{\"@type\":\"ReadAction\",\"target\":[\"https:\\\/\\\/beachsidesoccer.org\\\/our-club\\\/advisors\\\/\"]}]},{\"@type\":\"ImageObject\",\"inLanguage\":\"es\",\"@id\":\"https:\\\/\\\/beachsidesoccer.org\\\/our-club\\\/advisors\\\/#primaryimage\",\"url\":\"https:\\\/\\\/beachsidesoccer.org\\\/wp-content\\\/uploads\\\/2016\\\/04\\\/manning-e1465490329399.jpg\",\"contentUrl\":\"https:\\\/\\\/beachsidesoccer.org\\\/wp-content\\\/uploads\\\/2016\\\/04\\\/manning-e1465490329399.jpg\"},{\"@type\":\"BreadcrumbList\",\"@id\":\"https:\\\/\\\/beachsidesoccer.org\\\/our-club\\\/advisors\\\/#breadcrumb\",\"itemListElement\":[{\"@type\":\"ListItem\",\"position\":1,\"name\":\"Home\",\"item\":\"https:\\\/\\\/beachsidesoccer.org\\\/\"},{\"@type\":\"ListItem\",\"position\":2,\"name\":\"Our Club\",\"item\":\"https:\\\/\\\/beachsidesoccer.org\\\/our-club\\\/\"},{\"@type\":\"ListItem\",\"position\":3,\"name\":\"Advisors\"}]},{\"@type\":\"WebSite\",\"@id\":\"https:\\\/\\\/beachsidesoccer.org\\\/#website\",\"url\":\"https:\\\/\\\/beachsidesoccer.org\\\/\",\"name\":\"Beachside Soccer\",\"description\":\"\",\"publisher\":{\"@id\":\"https:\\\/\\\/beachsidesoccer.org\\\/#organization\"},\"potentialAction\":[{\"@type\":\"SearchAction\",\"target\":{\"@type\":\"EntryPoint\",\"urlTemplate\":\"https:\\\/\\\/beachsidesoccer.org\\\/?s={search_term_string}\"},\"query-input\":{\"@type\":\"PropertyValueSpecification\",\"valueRequired\":true,\"valueName\":\"search_term_string\"}}],\"inLanguage\":\"es\"},{\"@type\":\"Organization\",\"@id\":\"https:\\\/\\\/beachsidesoccer.org\\\/#organization\",\"name\":\"Beachside Soccer Club\",\"url\":\"https:\\\/\\\/beachsidesoccer.org\\\/\",\"logo\":{\"@type\":\"ImageObject\",\"inLanguage\":\"es\",\"@id\":\"https:\\\/\\\/beachsidesoccer.org\\\/#\\\/schema\\\/logo\\\/image\\\/\",\"url\":\"https:\\\/\\\/beachsidesoccer.org\\\/wp-content\\\/uploads\\\/2016\\\/06\\\/beachside-bright-logo_small.jpg\",\"contentUrl\":\"https:\\\/\\\/beachsidesoccer.org\\\/wp-content\\\/uploads\\\/2016\\\/06\\\/beachside-bright-logo_small.jpg\",\"width\":144,\"height\":179,\"caption\":\"Beachside Soccer Club\"},\"image\":{\"@id\":\"https:\\\/\\\/beachsidesoccer.org\\\/#\\\/schema\\\/logo\\\/image\\\/\"}}]}<\/script>\n<!-- \/ Yoast SEO plugin. -->","yoast_head_json":{"title":"Professional Soccer Advisory Board - Beachside Soccer","description":"Beachside has formed a Board of Advisors from the professional soccer world to act as a sounding board for decision-making.","robots":{"index":"index","follow":"follow","max-snippet":"max-snippet:-1","max-image-preview":"max-image-preview:large","max-video-preview":"max-video-preview:-1"},"canonical":"https:\/\/beachsidesoccer.org\/es\/our-club\/advisors\/","og_locale":"es_MX","og_type":"article","og_title":"Professional Soccer Advisory Board - Beachside Soccer","og_description":"Beachside has formed a Board of Advisors from the professional soccer world to act as a sounding board for decision-making.","og_url":"https:\/\/beachsidesoccer.org\/es\/our-club\/advisors\/","og_site_name":"Beachside Soccer","article_modified_time":"2021-10-29T15:02:56+00:00","og_image":[{"url":"https:\/\/beachsidesoccer.org\/wp-content\/uploads\/2016\/04\/manning-e1465490329399.jpg","type":"","width":"","height":""}],"twitter_card":"summary_large_image","twitter_misc":{"Tiempo de lectura":"6 minutos"},"schema":{"@context":"https:\/\/schema.org","@graph":[{"@type":"WebPage","@id":"https:\/\/beachsidesoccer.org\/our-club\/advisors\/","url":"https:\/\/beachsidesoccer.org\/our-club\/advisors\/","name":"Professional Soccer Advisory Board - Beachside Soccer","isPartOf":{"@id":"https:\/\/beachsidesoccer.org\/#website"},"primaryImageOfPage":{"@id":"https:\/\/beachsidesoccer.org\/our-club\/advisors\/#primaryimage"},"image":{"@id":"https:\/\/beachsidesoccer.org\/our-club\/advisors\/#primaryimage"},"thumbnailUrl":"https:\/\/beachsidesoccer.org\/wp-content\/uploads\/2016\/04\/manning-e1465490329399.jpg","datePublished":"2016-04-22T22:34:10+00:00","dateModified":"2021-10-29T15:02:56+00:00","description":"Beachside has formed a Board of Advisors from the professional soccer world to act as a sounding board for decision-making.","breadcrumb":{"@id":"https:\/\/beachsidesoccer.org\/our-club\/advisors\/#breadcrumb"},"inLanguage":"es","potentialAction":[{"@type":"ReadAction","target":["https:\/\/beachsidesoccer.org\/our-club\/advisors\/"]}]},{"@type":"ImageObject","inLanguage":"es","@id":"https:\/\/beachsidesoccer.org\/our-club\/advisors\/#primaryimage","url":"https:\/\/beachsidesoccer.org\/wp-content\/uploads\/2016\/04\/manning-e1465490329399.jpg","contentUrl":"https:\/\/beachsidesoccer.org\/wp-content\/uploads\/2016\/04\/manning-e1465490329399.jpg"},{"@type":"BreadcrumbList","@id":"https:\/\/beachsidesoccer.org\/our-club\/advisors\/#breadcrumb","itemListElement":[{"@type":"ListItem","position":1,"name":"Home","item":"https:\/\/beachsidesoccer.org\/"},{"@type":"ListItem","position":2,"name":"Our Club","item":"https:\/\/beachsidesoccer.org\/our-club\/"},{"@type":"ListItem","position":3,"name":"Advisors"}]},{"@type":"WebSite","@id":"https:\/\/beachsidesoccer.org\/#website","url":"https:\/\/beachsidesoccer.org\/","name":"F\u00fatbol junto a la playa","description":"","publisher":{"@id":"https:\/\/beachsidesoccer.org\/#organization"},"potentialAction":[{"@type":"SearchAction","target":{"@type":"EntryPoint","urlTemplate":"https:\/\/beachsidesoccer.org\/?s={search_term_string}"},"query-input":{"@type":"PropertyValueSpecification","valueRequired":true,"valueName":"search_term_string"}}],"inLanguage":"es"},{"@type":"Organization","@id":"https:\/\/beachsidesoccer.org\/#organization","name":"Club de f\u00fatbol junto a la playa","url":"https:\/\/beachsidesoccer.org\/","logo":{"@type":"ImageObject","inLanguage":"es","@id":"https:\/\/beachsidesoccer.org\/#\/schema\/logo\/image\/","url":"https:\/\/beachsidesoccer.org\/wp-content\/uploads\/2016\/06\/beachside-bright-logo_small.jpg","contentUrl":"https:\/\/beachsidesoccer.org\/wp-content\/uploads\/2016\/06\/beachside-bright-logo_small.jpg","width":144,"height":179,"caption":"Beachside Soccer Club"},"image":{"@id":"https:\/\/beachsidesoccer.org\/#\/schema\/logo\/image\/"}}]}},"_links":{"self":[{"href":"https:\/\/beachsidesoccer.org\/es\/wp-json\/wp\/v2\/pages\/94","targetHints":{"allow":["GET"]}}],"collection":[{"href":"https:\/\/beachsidesoccer.org\/es\/wp-json\/wp\/v2\/pages"}],"about":[{"href":"https:\/\/beachsidesoccer.org\/es\/wp-json\/wp\/v2\/types\/page"}],"author":[{"embeddable":true,"href":"https:\/\/beachsidesoccer.org\/es\/wp-json\/wp\/v2\/users\/1"}],"replies":[{"embeddable":true,"href":"https:\/\/beachsidesoccer.org\/es\/wp-json\/wp\/v2\/comments?post=94"}],"version-history":[{"count":0,"href":"https:\/\/beachsidesoccer.org\/es\/wp-json\/wp\/v2\/pages\/94\/revisions"}],"up":[{"embeddable":true,"href":"https:\/\/beachsidesoccer.org\/es\/wp-json\/wp\/v2\/pages\/10"}],"wp:attachment":[{"href":"https:\/\/beachsidesoccer.org\/es\/wp-json\/wp\/v2\/media?parent=94"}],"curies":[{"name":"wp","href":"https:\/\/api.w.org\/{rel}","templated":true}]}}