{"id":92,"date":"2016-04-22T18:33:54","date_gmt":"2016-04-22T22:33:54","guid":{"rendered":"https:\/\/beachsidesoccer.org\/?page_id=92"},"modified":"2021-02-28T18:11:50","modified_gmt":"2021-02-28T23:11:50","slug":"reflections-of-a-parent","status":"publish","type":"page","link":"https:\/\/beachsidesoccer.org\/es\/alumni\/reflections-of-a-parent\/","title":{"rendered":"Reflexiones de un padre"},"content":{"rendered":"<div data-elementor-type=\"wp-page\" data-elementor-id=\"92\" class=\"elementor elementor-92\" data-elementor-post-type=\"page\">\n\t\t\t\t\t\t<section class=\"elementor-section elementor-top-section elementor-element elementor-element-7e5e5f9 elementor-section-boxed elementor-section-height-default elementor-section-height-default\" data-id=\"7e5e5f9\" data-element_type=\"section\" data-e-type=\"section\">\n\t\t\t\t\t\t<div class=\"elementor-container elementor-column-gap-default\">\n\t\t\t\t\t<div class=\"elementor-column elementor-col-100 elementor-top-column elementor-element elementor-element-14aca50\" data-id=\"14aca50\" data-element_type=\"column\" data-e-type=\"column\">\n\t\t\t<div class=\"elementor-widget-wrap elementor-element-populated\">\n\t\t\t\t\t\t<div class=\"elementor-element elementor-element-93a725f elementor-widget elementor-widget-text-editor\" data-id=\"93a725f\" data-element_type=\"widget\" data-e-type=\"widget\" data-widget_type=\"text-editor.default\">\n\t\t\t\t<div class=\"elementor-widget-container\">\n\t\t\t\t\t\t\t\t\t<h4 class=\"blue\" style=\"font-family: Roboto, sans-serif; font-size: 16px; font-style: normal;\"><span style=\"font-family: &quot;Roboto Bold&quot;, sans-serif; font-size: 16px;\"><span style=\"font-size: 16px; color: rgb(35, 48, 87);\">Comentarios de la madre Robin Leach - incluido en el Sal\u00f3n de la Fama de Beachside en 2013<\/span><\/span><\/h4><p class=\"blue\" style=\"font-family: Roboto, sans-serif; font-size: 16px; font-style: normal; font-weight: 300;\">\u00a1Buenas tardes a todos!<\/p><p style=\"font-family: Roboto, sans-serif; font-size: 16px; font-style: normal; font-weight: 300;\">Quisiera comenzar extendiendo unas palabras de agradecimiento.<\/p><p style=\"font-family: Roboto, sans-serif; font-size: 16px; font-style: normal; font-weight: 300;\">Primero a Mickey por la encantadora presentaci\u00f3n. Cuando mi hijo mayor Matt se uni\u00f3 a Beachside en 1998, no ten\u00edamos idea de en qu\u00e9 nos est\u00e1bamos metiendo. No sab\u00edamos qu\u00e9 significaba el concepto de f\u00fatbol &quot;premier&quot;. Pero dimos un salto de fe y tomamos la decisi\u00f3n de confiarle a Mickey el sue\u00f1o de Matt de jugar al f\u00fatbol. Jeff lo sigui\u00f3 poco despu\u00e9s. En retrospectiva, fue una gran decisi\u00f3n.<\/p><p style=\"font-family: Roboto, sans-serif; font-size: 16px; font-style: normal; font-weight: 300;\">Y a lo largo de los a\u00f1os, Mickey tambi\u00e9n dio el salto de fe y me confi\u00f3 la direcci\u00f3n de un par de sus equipos. Hemos tenido una relaci\u00f3n laboral muy productiva. Tiene una gran visi\u00f3n para este club. \u00c9l siempre ha sido una fuente constante de informaci\u00f3n y orientaci\u00f3n para m\u00ed. Y valoro sinceramente tanto su apoyo como su amistad.<\/p><p style=\"font-family: Roboto, sans-serif; font-size: 16px; font-style: normal; font-weight: 300;\">Es un gran honor estar aqu\u00ed esta noche y aceptar este premio del Sal\u00f3n de la Fama. Que una madre de f\u00fatbol de los suburbios sea incluida entre un grupo de atletas tan talentosos es realmente una lecci\u00f3n de humildad. Mickey, te agradezco sinceramente tu consideraci\u00f3n.<\/p><p style=\"font-family: Roboto, sans-serif; font-size: 16px; font-style: normal; font-weight: 300;\">A continuaci\u00f3n, me gustar\u00eda agradecer a mi esposo Brian. Primero, por cancelar su viaje de negocios al extranjero, est\u00e9 aqu\u00ed esta noche. Pero tambi\u00e9n por ser mi co-gerente &quot;detr\u00e1s de escena&quot; todos estos a\u00f1os. As\u00ed como muchos aspectos de la crianza de los hijos son un esfuerzo en equipo, tambi\u00e9n lo es el trabajo del gerente. Brian estaba a cargo de las &quot;direcciones&quot;. Siempre pod\u00eda encontrar la ruta m\u00e1s corta entre los puntos A y B evitando el tr\u00e1fico. Y cuando lo necesitaba, \u00e9l siempre estaba ah\u00ed para apoyarme y ayudarme.<\/p><p style=\"font-family: Roboto, sans-serif; font-size: 16px; font-style: normal; font-weight: 300;\">Y por \u00faltimo, pero no menos importante, me gustar\u00eda agradecer a mis dos hijos, Matt y Jeff, por hacer el viaje fuera de la ciudad despu\u00e9s de una semana de trabajo muy larga y tambi\u00e9n por renunciar a su &quot;tiempo libre&quot; los viernes por la noche para estar aqu\u00ed con su madre. Realmente lo aprecio. Tendr\u00e9 m\u00e1s que decir sobre ellos dos m\u00e1s tarde.<\/p><p style=\"font-family: Roboto, sans-serif; font-size: 16px; font-style: normal; font-weight: 300;\">Tambi\u00e9n me gustar\u00eda extender mis felicitaciones a Tommy por su premio. Tommy y yo retrocedemos mucho. \u00c9l y mis hijos jugaron f\u00fatbol juntos durante a\u00f1os. Su equipo y yo compartimos muchos desayunos memorables antes del amanecer de pl\u00e1tanos, bagels y mantequilla de man\u00ed en los vest\u00edbulos de los hoteles a lo largo de la costa este. La incorporaci\u00f3n de Tommy al Sal\u00f3n de la Fama es un testimonio de sus muchos logros sobresalientes como jugador de f\u00fatbol y como joven.<\/p><p style=\"font-family: Roboto, sans-serif; font-size: 16px; font-style: normal; font-weight: 300;\">\u00bfQu\u00e9 me he llevado de mi experiencia como padre y gerente de Beachside?<\/p><p style=\"font-family: Roboto, sans-serif; font-size: 16px; font-style: normal; font-weight: 300;\">Primero, pude ver un f\u00fatbol realmente tremendo. Tantas victorias emocionantes, algunas derrotas desgarradoras y decididamente injustas. Pero siempre gran competencia. Y aunque sabemos que Mickey coloca el proceso sobre los resultados, creo que todos podemos admitir que ganar es divertido.<\/p><p style=\"font-family: Roboto, sans-serif; font-size: 16px; font-style: normal; font-weight: 300;\">En segundo lugar, fui testigo de c\u00f3mo grupos de muchachos j\u00f3venes se transformaban en j\u00f3venes sobresalientes. Vi alianzas s\u00f3lidas construidas en el campo y amistades fuertes y duraderas forjadas fuera del campo.<\/p><p style=\"font-family: Roboto, sans-serif; font-size: 16px; font-style: normal; font-weight: 300;\">Aprend\u00ed que mis compa\u00f1eros padres eran un grupo estelar: estaban dispuestos a viajar a casi cualquier lugar, renunciaron a innumerables fines de semana y vacaciones escolares para mantener a sus hijos. Por eso les agradezco porque hizo mi trabajo mucho m\u00e1s f\u00e1cil. Siempre colaboraron para ayudar: los carros compartidos, el lavado de uniformes cargados de barro en los torneos, el transporte de Gatorade, y fueron una fuente continua de apoyo para el equipo desde las l\u00edneas laterales. No lo admitiremos delante de Mickey, pero nos divertimos mucho y sigo contando entre mis amigos m\u00e1s cercanos a los padres de los jugadores que conoc\u00ed a trav\u00e9s de Beachside.<\/p><p style=\"font-family: Roboto, sans-serif; font-size: 16px; font-style: normal; font-weight: 300;\">Pero para m\u00ed, mi recuerdo m\u00e1s especial es la alegr\u00eda y el orgullo que sent\u00ed al ver a mis propios hijos desarrollarse como jugadores de f\u00fatbol y como hombres j\u00f3venes. Nuestra familia tuvo la suerte de que ambos muchachos eligieron jugar el mismo deporte para el mismo club principal. Pudimos viajar juntos en familia, disfrutar de algo de calidad uno a uno (estaban cautivos en el auto, no ten\u00edan otra opci\u00f3n) y compartir nuestro amor mutuo por el f\u00fatbol. Para sobrevivir tuve que aprender las reglas, la jerga, los equipos, los jugadores. Despu\u00e9s de muchas temporadas, creo que finalmente descubr\u00ed lo que significaba &quot;fuera de juego&quot;. Incluso obtuve mi licencia de refinanciamiento: m\u00e1s para mostrarle a mi hijo Jeff que pod\u00eda obtener una mejor puntuaci\u00f3n en la prueba que \u00e9l. La gesti\u00f3n de sus equipos me dio la oportunidad de compartir m\u00e1s de cerca su experiencia futbol\u00edstica. Llegu\u00e9 a estar involucrado. Como padres, sabemos lo dif\u00edcil que es mantenernos conectados con nuestros hijos a medida que crecen. Beachside nos brind\u00f3 a Brian y a m\u00ed la oportunidad de ser parte de esta parte tan importante de sus vidas.<\/p><p style=\"font-family: Roboto, sans-serif; font-size: 16px; font-style: normal; font-weight: 300;\">Cuando miro hacia atr\u00e1s en los \u00faltimos 15 a\u00f1os, veo muchos cambios positivos dentro de este club. Lo que comenz\u00f3 con solo 7 equipos masculinos ha evolucionado para incluir un complemento completo de equipos femeninos exitosos, un equipo U20 exitoso y un programa juvenil pr\u00f3spero. El equipo de Matt fue el primero en Disney en 2004, ahora la Navidad en Disney es la regla. No solo est\u00e1n participando sus equipos, sino que tambi\u00e9n est\u00e1n devolviendo los trofeos y eso es un logro maravilloso. Nuestro primer banquete se celebr\u00f3 en un espacio reducido de oficinas alquilado: nada del tama\u00f1o y alcance de este maravilloso evento de esta noche. Esta reuni\u00f3n es un testimonio del apoyo de todos los miembros de este club: jugadores, padres, familiares y amigos, y el cuerpo t\u00e9cnico. Y ahora, con la introducci\u00f3n de la Academia, este programa contin\u00faa fortaleci\u00e9ndose.<\/p><p style=\"font-family: Roboto, sans-serif; font-size: 16px; font-style: normal; font-weight: 300;\">A pesar de los cambios, lo que sigue siendo el mismo es la misi\u00f3n Beachside. Y es esta misi\u00f3n la que nos sigue convirtiendo a Brian y a m\u00ed en seguidores tan leales de esta organizaci\u00f3n.<\/p><p style=\"font-family: Roboto, sans-serif; font-size: 16px; font-style: normal; font-weight: 300;\">Has escuchado el mensaje. El \u00e9xito es una elecci\u00f3n. Como jugador joven, se le indica que debe llegar a tiempo, traer su bal\u00f3n de f\u00fatbol, usar el uniforme correcto, alinear su bolsa. Se le anima a seguir las instrucciones, trabajar duro, ser un jugador de equipo, ganar y perder con gracia. Reglas simples. Sin embargo, estas reglas son la base para un panorama m\u00e1s amplio. No solo se le brinda un entrenamiento de primer nivel y la oportunidad de jugar y sobresalir en los niveles m\u00e1s altos del f\u00fatbol, sino que tambi\u00e9n est\u00e1 adquiriendo habilidades esenciales para la vida: las de compromiso, dedicaci\u00f3n, una s\u00f3lida \u00e9tica de trabajo, rendici\u00f3n de cuentas, responsabilidad, integridad, y voluntad de ayudar a los dem\u00e1s. Estos rasgos son parte integral de su \u00e9xito en la vida, tanto dentro como fuera del campo de f\u00fatbol. Eso es lo que hace que este club sea tan especial. Es un desarrollador tanto de j\u00f3venes talentos deportivos como de j\u00f3venes.<\/p><p style=\"font-family: Roboto, sans-serif; font-size: 16px; font-style: normal; font-weight: 300;\">Entonces, en conclusi\u00f3n, los animo a aceptar todo lo que se les ofrece aqu\u00ed. Disfruta tu tiempo. Pasa muy r\u00e1pido. Aproveche las lecciones aprendidas mientras se adentra en el mundo real. Ser\u00e1n \u00fatiles. Beachside es verdaderamente una oportunidad \u00fanica.<\/p><p style=\"font-family: Roboto, sans-serif; font-size: 16px; font-style: normal; font-weight: 300;\">Les agradezco nuevamente por este honor tan especial. Lo apreciar\u00e9 siempre. Y les deseo a todos un maravilloso resto de la noche.<\/p>\t\t\t\t\t\t\t\t<\/div>\n\t\t\t\t<\/div>\n\t\t\t\t<div class=\"elementor-element elementor-element-0e840ed elementor-widget elementor-widget-shortcode\" data-id=\"0e840ed\" data-element_type=\"widget\" data-e-type=\"widget\" data-widget_type=\"shortcode.default\">\n\t\t\t\t<div class=\"elementor-widget-container\">\n\t\t\t\t\t\t\t<div class=\"elementor-shortcode\"><a class=\"maxbutton-22 maxbutton maxbutton-reconnect-with-the-club\" href=\"https:\/\/beachsidesoccer.org\/es\/alumni\/reconnect-with-the-club\/\"><span class='mb-text'>Vuelve a conectarte con el Club<\/span><\/a><\/div>\n\t\t\t\t\t\t<\/div>\n\t\t\t\t<\/div>\n\t\t\t\t<div class=\"elementor-element elementor-element-ee955bc elementor-widget elementor-widget-spacer\" data-id=\"ee955bc\" data-element_type=\"widget\" data-e-type=\"widget\" data-widget_type=\"spacer.default\">\n\t\t\t\t<div class=\"elementor-widget-container\">\n\t\t\t\t\t\t\t<div class=\"elementor-spacer\">\n\t\t\t<div class=\"elementor-spacer-inner\"><\/div>\n\t\t<\/div>\n\t\t\t\t\t\t<\/div>\n\t\t\t\t<\/div>\n\t\t\t\t\t<\/div>\n\t\t<\/div>\n\t\t\t\t\t<\/div>\n\t\t<\/section>\n\t\t\t\t<\/div>","protected":false},"excerpt":{"rendered":"<p>Remarks by parent Robin Leach &#8211; inducted into the Beachside Hall of Fame in 2013 Good Evening Everyone! I would like to begin by extending a few words of thanks. &hellip; <a href=\"https:\/\/beachsidesoccer.org\/es\/alumni\/reflections-of-a-parent\/\" class=\"more-link\">Continue reading <span class=\"screen-reader-text\">Reflexiones de un padre<\/span><\/a><\/p>","protected":false},"author":1,"featured_media":0,"parent":14,"menu_order":3,"comment_status":"closed","ping_status":"closed","template":"page-basic.php","meta":{"_acf_changed":false,"footnotes":""},"class_list":["post-92","page","type-page","status-publish","hentry"],"acf":[],"yoast_head":"<!-- This site is optimized with the Yoast SEO plugin v27.4 - https:\/\/yoast.com\/product\/yoast-seo-wordpress\/ -->\n<title>Soccer Academy - Reflections from a Parent - Beachside Soccer<\/title>\n<meta name=\"description\" content=\"Beachside Soccer is a soccer academy that gives everyone of our athletes the groundwork to be successful. Read remarks from a parent named Robin Leach.\" \/>\n<meta name=\"robots\" content=\"index, follow, max-snippet:-1, max-image-preview:large, max-video-preview:-1\" \/>\n<link rel=\"canonical\" href=\"https:\/\/beachsidesoccer.org\/es\/alumni\/reflections-of-a-parent\/\" \/>\n<meta property=\"og:locale\" content=\"es_MX\" \/>\n<meta property=\"og:type\" content=\"article\" \/>\n<meta property=\"og:title\" content=\"Soccer Academy - Reflections from a Parent - Beachside Soccer\" \/>\n<meta property=\"og:description\" content=\"Beachside Soccer is a soccer academy that gives everyone of our athletes the groundwork to be successful. Read remarks from a parent named Robin Leach.\" \/>\n<meta property=\"og:url\" content=\"https:\/\/beachsidesoccer.org\/es\/alumni\/reflections-of-a-parent\/\" \/>\n<meta property=\"og:site_name\" content=\"Beachside Soccer\" \/>\n<meta property=\"article:modified_time\" content=\"2021-02-28T23:11:50+00:00\" \/>\n<meta name=\"twitter:card\" content=\"summary_large_image\" \/>\n<meta name=\"twitter:label1\" content=\"Tiempo de lectura\" \/>\n\t<meta name=\"twitter:data1\" content=\"6 minutos\" \/>\n<script type=\"application\/ld+json\" class=\"yoast-schema-graph\">{\"@context\":\"https:\\\/\\\/schema.org\",\"@graph\":[{\"@type\":\"WebPage\",\"@id\":\"https:\\\/\\\/beachsidesoccer.org\\\/es\\\/alumni\\\/reflections-of-a-parent\\\/\",\"url\":\"https:\\\/\\\/beachsidesoccer.org\\\/es\\\/alumni\\\/reflections-of-a-parent\\\/\",\"name\":\"Soccer Academy - Reflections from a Parent - Beachside Soccer\",\"isPartOf\":{\"@id\":\"https:\\\/\\\/beachsidesoccer.org\\\/#website\"},\"datePublished\":\"2016-04-22T22:33:54+00:00\",\"dateModified\":\"2021-02-28T23:11:50+00:00\",\"description\":\"Beachside Soccer is a soccer academy that gives everyone of our athletes the groundwork to be successful. Read remarks from a parent named Robin Leach.\",\"breadcrumb\":{\"@id\":\"https:\\\/\\\/beachsidesoccer.org\\\/es\\\/alumni\\\/reflections-of-a-parent\\\/#breadcrumb\"},\"inLanguage\":\"es\",\"potentialAction\":[{\"@type\":\"ReadAction\",\"target\":[\"https:\\\/\\\/beachsidesoccer.org\\\/es\\\/alumni\\\/reflections-of-a-parent\\\/\"]}]},{\"@type\":\"BreadcrumbList\",\"@id\":\"https:\\\/\\\/beachsidesoccer.org\\\/es\\\/alumni\\\/reflections-of-a-parent\\\/#breadcrumb\",\"itemListElement\":[{\"@type\":\"ListItem\",\"position\":1,\"name\":\"Home\",\"item\":\"https:\\\/\\\/beachsidesoccer.org\\\/\"},{\"@type\":\"ListItem\",\"position\":2,\"name\":\"Our Alumni\",\"item\":\"https:\\\/\\\/beachsidesoccer.org\\\/alumni\\\/\"},{\"@type\":\"ListItem\",\"position\":3,\"name\":\"Reflections from a Parent\"}]},{\"@type\":\"WebSite\",\"@id\":\"https:\\\/\\\/beachsidesoccer.org\\\/#website\",\"url\":\"https:\\\/\\\/beachsidesoccer.org\\\/\",\"name\":\"Beachside Soccer\",\"description\":\"\",\"publisher\":{\"@id\":\"https:\\\/\\\/beachsidesoccer.org\\\/#organization\"},\"potentialAction\":[{\"@type\":\"SearchAction\",\"target\":{\"@type\":\"EntryPoint\",\"urlTemplate\":\"https:\\\/\\\/beachsidesoccer.org\\\/?s={search_term_string}\"},\"query-input\":{\"@type\":\"PropertyValueSpecification\",\"valueRequired\":true,\"valueName\":\"search_term_string\"}}],\"inLanguage\":\"es\"},{\"@type\":\"Organization\",\"@id\":\"https:\\\/\\\/beachsidesoccer.org\\\/#organization\",\"name\":\"Beachside Soccer Club\",\"url\":\"https:\\\/\\\/beachsidesoccer.org\\\/\",\"logo\":{\"@type\":\"ImageObject\",\"inLanguage\":\"es\",\"@id\":\"https:\\\/\\\/beachsidesoccer.org\\\/#\\\/schema\\\/logo\\\/image\\\/\",\"url\":\"https:\\\/\\\/beachsidesoccer.org\\\/wp-content\\\/uploads\\\/2016\\\/06\\\/beachside-bright-logo_small.jpg\",\"contentUrl\":\"https:\\\/\\\/beachsidesoccer.org\\\/wp-content\\\/uploads\\\/2016\\\/06\\\/beachside-bright-logo_small.jpg\",\"width\":144,\"height\":179,\"caption\":\"Beachside Soccer Club\"},\"image\":{\"@id\":\"https:\\\/\\\/beachsidesoccer.org\\\/#\\\/schema\\\/logo\\\/image\\\/\"}}]}<\/script>\n<!-- \/ Yoast SEO plugin. -->","yoast_head_json":{"title":"Soccer Academy - Reflections from a Parent - Beachside Soccer","description":"Beachside Soccer is a soccer academy that gives everyone of our athletes the groundwork to be successful. Read remarks from a parent named Robin Leach.","robots":{"index":"index","follow":"follow","max-snippet":"max-snippet:-1","max-image-preview":"max-image-preview:large","max-video-preview":"max-video-preview:-1"},"canonical":"https:\/\/beachsidesoccer.org\/es\/alumni\/reflections-of-a-parent\/","og_locale":"es_MX","og_type":"article","og_title":"Soccer Academy - Reflections from a Parent - Beachside Soccer","og_description":"Beachside Soccer is a soccer academy that gives everyone of our athletes the groundwork to be successful. Read remarks from a parent named Robin Leach.","og_url":"https:\/\/beachsidesoccer.org\/es\/alumni\/reflections-of-a-parent\/","og_site_name":"Beachside Soccer","article_modified_time":"2021-02-28T23:11:50+00:00","twitter_card":"summary_large_image","twitter_misc":{"Tiempo de lectura":"6 minutos"},"schema":{"@context":"https:\/\/schema.org","@graph":[{"@type":"WebPage","@id":"https:\/\/beachsidesoccer.org\/es\/alumni\/reflections-of-a-parent\/","url":"https:\/\/beachsidesoccer.org\/es\/alumni\/reflections-of-a-parent\/","name":"Soccer Academy - Reflections from a Parent - Beachside Soccer","isPartOf":{"@id":"https:\/\/beachsidesoccer.org\/#website"},"datePublished":"2016-04-22T22:33:54+00:00","dateModified":"2021-02-28T23:11:50+00:00","description":"Beachside Soccer is a soccer academy that gives everyone of our athletes the groundwork to be successful. Read remarks from a parent named Robin Leach.","breadcrumb":{"@id":"https:\/\/beachsidesoccer.org\/es\/alumni\/reflections-of-a-parent\/#breadcrumb"},"inLanguage":"es","potentialAction":[{"@type":"ReadAction","target":["https:\/\/beachsidesoccer.org\/es\/alumni\/reflections-of-a-parent\/"]}]},{"@type":"BreadcrumbList","@id":"https:\/\/beachsidesoccer.org\/es\/alumni\/reflections-of-a-parent\/#breadcrumb","itemListElement":[{"@type":"ListItem","position":1,"name":"Home","item":"https:\/\/beachsidesoccer.org\/"},{"@type":"ListItem","position":2,"name":"Our Alumni","item":"https:\/\/beachsidesoccer.org\/alumni\/"},{"@type":"ListItem","position":3,"name":"Reflections from a Parent"}]},{"@type":"WebSite","@id":"https:\/\/beachsidesoccer.org\/#website","url":"https:\/\/beachsidesoccer.org\/","name":"F\u00fatbol junto a la playa","description":"","publisher":{"@id":"https:\/\/beachsidesoccer.org\/#organization"},"potentialAction":[{"@type":"SearchAction","target":{"@type":"EntryPoint","urlTemplate":"https:\/\/beachsidesoccer.org\/?s={search_term_string}"},"query-input":{"@type":"PropertyValueSpecification","valueRequired":true,"valueName":"search_term_string"}}],"inLanguage":"es"},{"@type":"Organization","@id":"https:\/\/beachsidesoccer.org\/#organization","name":"Club de f\u00fatbol junto a la playa","url":"https:\/\/beachsidesoccer.org\/","logo":{"@type":"ImageObject","inLanguage":"es","@id":"https:\/\/beachsidesoccer.org\/#\/schema\/logo\/image\/","url":"https:\/\/beachsidesoccer.org\/wp-content\/uploads\/2016\/06\/beachside-bright-logo_small.jpg","contentUrl":"https:\/\/beachsidesoccer.org\/wp-content\/uploads\/2016\/06\/beachside-bright-logo_small.jpg","width":144,"height":179,"caption":"Beachside Soccer Club"},"image":{"@id":"https:\/\/beachsidesoccer.org\/#\/schema\/logo\/image\/"}}]}},"_links":{"self":[{"href":"https:\/\/beachsidesoccer.org\/es\/wp-json\/wp\/v2\/pages\/92","targetHints":{"allow":["GET"]}}],"collection":[{"href":"https:\/\/beachsidesoccer.org\/es\/wp-json\/wp\/v2\/pages"}],"about":[{"href":"https:\/\/beachsidesoccer.org\/es\/wp-json\/wp\/v2\/types\/page"}],"author":[{"embeddable":true,"href":"https:\/\/beachsidesoccer.org\/es\/wp-json\/wp\/v2\/users\/1"}],"replies":[{"embeddable":true,"href":"https:\/\/beachsidesoccer.org\/es\/wp-json\/wp\/v2\/comments?post=92"}],"version-history":[{"count":0,"href":"https:\/\/beachsidesoccer.org\/es\/wp-json\/wp\/v2\/pages\/92\/revisions"}],"up":[{"embeddable":true,"href":"https:\/\/beachsidesoccer.org\/es\/wp-json\/wp\/v2\/pages\/14"}],"wp:attachment":[{"href":"https:\/\/beachsidesoccer.org\/es\/wp-json\/wp\/v2\/media?parent=92"}],"curies":[{"name":"wp","href":"https:\/\/api.w.org\/{rel}","templated":true}]}}