{"id":86,"date":"2016-04-22T18:32:51","date_gmt":"2016-04-22T22:32:51","guid":{"rendered":"https:\/\/beachsidesoccer.org\/?page_id=86"},"modified":"2022-06-18T01:32:18","modified_gmt":"2022-06-18T05:32:18","slug":"management-team","status":"publish","type":"page","link":"https:\/\/beachsidesoccer.org\/es\/our-club\/management-team\/","title":{"rendered":"Equipo de gesti\u00f3n"},"content":{"rendered":"<p>Beachside tiene la suerte de ser dirigido por un equipo de administraci\u00f3n de experiencia excepcional y devoci\u00f3n al juego con el prop\u00f3sito de brindar el mejor ambiente para nuestras familias en la comunidad de nuestro club.<\/p>","protected":false},"excerpt":{"rendered":"<p>Beachside is fortunate\u00a0to be led by a management team of exceptional experience and devotion to the game with a driving purpose to provide the best environment for our families\u00a0in our &hellip; <a href=\"https:\/\/beachsidesoccer.org\/es\/our-club\/management-team\/\" class=\"more-link\">Continue reading <span class=\"screen-reader-text\">Equipo de gesti\u00f3n<\/span><\/a><\/p>","protected":false},"author":1,"featured_media":0,"parent":10,"menu_order":2,"comment_status":"closed","ping_status":"closed","template":"page-basic.php","meta":{"_acf_changed":false,"footnotes":""},"class_list":["post-86","page","type-page","status-publish","hentry"],"acf":[],"yoast_head":"<!-- This site is optimized with the Yoast SEO plugin v27.4 - https:\/\/yoast.com\/product\/yoast-seo-wordpress\/ -->\n<title>Soccer Management Team - Beachside Soccer<\/title>\n<meta name=\"description\" content=\"Beachside is fortunate to be led by a soccer management team of exceptional experience and devotion to the game, and to the families in our club community.\" \/>\n<meta name=\"robots\" content=\"index, follow, max-snippet:-1, max-image-preview:large, max-video-preview:-1\" \/>\n<link rel=\"canonical\" href=\"https:\/\/beachsidesoccer.org\/es\/our-club\/management-team\/\" \/>\n<meta property=\"og:locale\" content=\"es_MX\" \/>\n<meta property=\"og:type\" content=\"article\" \/>\n<meta property=\"og:title\" content=\"Soccer Management Team - Beachside Soccer\" \/>\n<meta property=\"og:description\" content=\"Beachside is fortunate to be led by a soccer management team of exceptional experience and devotion to the game, and to the families in our club community.\" \/>\n<meta property=\"og:url\" content=\"https:\/\/beachsidesoccer.org\/es\/our-club\/management-team\/\" \/>\n<meta property=\"og:site_name\" content=\"Beachside Soccer\" \/>\n<meta property=\"article:modified_time\" content=\"2022-06-18T05:32:18+00:00\" \/>\n<meta name=\"twitter:card\" content=\"summary_large_image\" \/>\n<script type=\"application\/ld+json\" class=\"yoast-schema-graph\">{\"@context\":\"https:\\\/\\\/schema.org\",\"@graph\":[{\"@type\":\"WebPage\",\"@id\":\"https:\\\/\\\/beachsidesoccer.org\\\/our-club\\\/management-team\\\/\",\"url\":\"https:\\\/\\\/beachsidesoccer.org\\\/our-club\\\/management-team\\\/\",\"name\":\"Soccer Management Team - Beachside Soccer\",\"isPartOf\":{\"@id\":\"https:\\\/\\\/beachsidesoccer.org\\\/#website\"},\"datePublished\":\"2016-04-22T22:32:51+00:00\",\"dateModified\":\"2022-06-18T05:32:18+00:00\",\"description\":\"Beachside is fortunate to be led by a soccer management team of exceptional experience and devotion to the game, and to the families in our club community.\",\"breadcrumb\":{\"@id\":\"https:\\\/\\\/beachsidesoccer.org\\\/our-club\\\/management-team\\\/#breadcrumb\"},\"inLanguage\":\"es\",\"potentialAction\":[{\"@type\":\"ReadAction\",\"target\":[\"https:\\\/\\\/beachsidesoccer.org\\\/our-club\\\/management-team\\\/\"]}]},{\"@type\":\"BreadcrumbList\",\"@id\":\"https:\\\/\\\/beachsidesoccer.org\\\/our-club\\\/management-team\\\/#breadcrumb\",\"itemListElement\":[{\"@type\":\"ListItem\",\"position\":1,\"name\":\"Home\",\"item\":\"https:\\\/\\\/beachsidesoccer.org\\\/\"},{\"@type\":\"ListItem\",\"position\":2,\"name\":\"Our Club\",\"item\":\"https:\\\/\\\/beachsidesoccer.org\\\/our-club\\\/\"},{\"@type\":\"ListItem\",\"position\":3,\"name\":\"Management Team\"}]},{\"@type\":\"WebSite\",\"@id\":\"https:\\\/\\\/beachsidesoccer.org\\\/#website\",\"url\":\"https:\\\/\\\/beachsidesoccer.org\\\/\",\"name\":\"Beachside Soccer\",\"description\":\"\",\"publisher\":{\"@id\":\"https:\\\/\\\/beachsidesoccer.org\\\/#organization\"},\"potentialAction\":[{\"@type\":\"SearchAction\",\"target\":{\"@type\":\"EntryPoint\",\"urlTemplate\":\"https:\\\/\\\/beachsidesoccer.org\\\/?s={search_term_string}\"},\"query-input\":{\"@type\":\"PropertyValueSpecification\",\"valueRequired\":true,\"valueName\":\"search_term_string\"}}],\"inLanguage\":\"es\"},{\"@type\":\"Organization\",\"@id\":\"https:\\\/\\\/beachsidesoccer.org\\\/#organization\",\"name\":\"Beachside Soccer Club\",\"url\":\"https:\\\/\\\/beachsidesoccer.org\\\/\",\"logo\":{\"@type\":\"ImageObject\",\"inLanguage\":\"es\",\"@id\":\"https:\\\/\\\/beachsidesoccer.org\\\/#\\\/schema\\\/logo\\\/image\\\/\",\"url\":\"https:\\\/\\\/beachsidesoccer.org\\\/wp-content\\\/uploads\\\/2016\\\/06\\\/beachside-bright-logo_small.jpg\",\"contentUrl\":\"https:\\\/\\\/beachsidesoccer.org\\\/wp-content\\\/uploads\\\/2016\\\/06\\\/beachside-bright-logo_small.jpg\",\"width\":144,\"height\":179,\"caption\":\"Beachside Soccer Club\"},\"image\":{\"@id\":\"https:\\\/\\\/beachsidesoccer.org\\\/#\\\/schema\\\/logo\\\/image\\\/\"}}]}<\/script>\n<!-- \/ Yoast SEO plugin. -->","yoast_head_json":{"title":"Soccer Management Team - Beachside Soccer","description":"Beachside is fortunate to be led by a soccer management team of exceptional experience and devotion to the game, and to the families in our club community.","robots":{"index":"index","follow":"follow","max-snippet":"max-snippet:-1","max-image-preview":"max-image-preview:large","max-video-preview":"max-video-preview:-1"},"canonical":"https:\/\/beachsidesoccer.org\/es\/our-club\/management-team\/","og_locale":"es_MX","og_type":"article","og_title":"Soccer Management Team - Beachside Soccer","og_description":"Beachside is fortunate to be led by a soccer management team of exceptional experience and devotion to the game, and to the families in our club community.","og_url":"https:\/\/beachsidesoccer.org\/es\/our-club\/management-team\/","og_site_name":"Beachside Soccer","article_modified_time":"2022-06-18T05:32:18+00:00","twitter_card":"summary_large_image","schema":{"@context":"https:\/\/schema.org","@graph":[{"@type":"WebPage","@id":"https:\/\/beachsidesoccer.org\/our-club\/management-team\/","url":"https:\/\/beachsidesoccer.org\/our-club\/management-team\/","name":"Soccer Management Team - Beachside Soccer","isPartOf":{"@id":"https:\/\/beachsidesoccer.org\/#website"},"datePublished":"2016-04-22T22:32:51+00:00","dateModified":"2022-06-18T05:32:18+00:00","description":"Beachside is fortunate to be led by a soccer management team of exceptional experience and devotion to the game, and to the families in our club community.","breadcrumb":{"@id":"https:\/\/beachsidesoccer.org\/our-club\/management-team\/#breadcrumb"},"inLanguage":"es","potentialAction":[{"@type":"ReadAction","target":["https:\/\/beachsidesoccer.org\/our-club\/management-team\/"]}]},{"@type":"BreadcrumbList","@id":"https:\/\/beachsidesoccer.org\/our-club\/management-team\/#breadcrumb","itemListElement":[{"@type":"ListItem","position":1,"name":"Home","item":"https:\/\/beachsidesoccer.org\/"},{"@type":"ListItem","position":2,"name":"Our Club","item":"https:\/\/beachsidesoccer.org\/our-club\/"},{"@type":"ListItem","position":3,"name":"Management Team"}]},{"@type":"WebSite","@id":"https:\/\/beachsidesoccer.org\/#website","url":"https:\/\/beachsidesoccer.org\/","name":"F\u00fatbol junto a la playa","description":"","publisher":{"@id":"https:\/\/beachsidesoccer.org\/#organization"},"potentialAction":[{"@type":"SearchAction","target":{"@type":"EntryPoint","urlTemplate":"https:\/\/beachsidesoccer.org\/?s={search_term_string}"},"query-input":{"@type":"PropertyValueSpecification","valueRequired":true,"valueName":"search_term_string"}}],"inLanguage":"es"},{"@type":"Organization","@id":"https:\/\/beachsidesoccer.org\/#organization","name":"Club de f\u00fatbol junto a la playa","url":"https:\/\/beachsidesoccer.org\/","logo":{"@type":"ImageObject","inLanguage":"es","@id":"https:\/\/beachsidesoccer.org\/#\/schema\/logo\/image\/","url":"https:\/\/beachsidesoccer.org\/wp-content\/uploads\/2016\/06\/beachside-bright-logo_small.jpg","contentUrl":"https:\/\/beachsidesoccer.org\/wp-content\/uploads\/2016\/06\/beachside-bright-logo_small.jpg","width":144,"height":179,"caption":"Beachside Soccer Club"},"image":{"@id":"https:\/\/beachsidesoccer.org\/#\/schema\/logo\/image\/"}}]}},"_links":{"self":[{"href":"https:\/\/beachsidesoccer.org\/es\/wp-json\/wp\/v2\/pages\/86","targetHints":{"allow":["GET"]}}],"collection":[{"href":"https:\/\/beachsidesoccer.org\/es\/wp-json\/wp\/v2\/pages"}],"about":[{"href":"https:\/\/beachsidesoccer.org\/es\/wp-json\/wp\/v2\/types\/page"}],"author":[{"embeddable":true,"href":"https:\/\/beachsidesoccer.org\/es\/wp-json\/wp\/v2\/users\/1"}],"replies":[{"embeddable":true,"href":"https:\/\/beachsidesoccer.org\/es\/wp-json\/wp\/v2\/comments?post=86"}],"version-history":[{"count":0,"href":"https:\/\/beachsidesoccer.org\/es\/wp-json\/wp\/v2\/pages\/86\/revisions"}],"up":[{"embeddable":true,"href":"https:\/\/beachsidesoccer.org\/es\/wp-json\/wp\/v2\/pages\/10"}],"wp:attachment":[{"href":"https:\/\/beachsidesoccer.org\/es\/wp-json\/wp\/v2\/media?parent=86"}],"curies":[{"name":"wp","href":"https:\/\/api.w.org\/{rel}","templated":true}]}}