{"id":31310,"date":"2026-03-20T17:36:20","date_gmt":"2026-03-20T21:36:20","guid":{"rendered":"https:\/\/beachsidesoccer.org\/?page_id=31310"},"modified":"2026-04-01T18:10:09","modified_gmt":"2026-04-01T22:10:09","slug":"coach-pete-doneit","status":"publish","type":"page","link":"https:\/\/beachsidesoccer.org\/es\/coach-pete-doneit\/","title":{"rendered":"Coach Pete Doneit"},"content":{"rendered":"<div data-elementor-type=\"wp-page\" data-elementor-id=\"31310\" class=\"elementor elementor-31310\" data-elementor-post-type=\"page\">\n\t\t\t\t\t\t<section class=\"elementor-section elementor-top-section elementor-element elementor-element-c44d1dd elementor-section-boxed elementor-section-height-default elementor-section-height-default\" data-id=\"c44d1dd\" data-element_type=\"section\" data-e-type=\"section\">\n\t\t\t\t\t\t<div class=\"elementor-container elementor-column-gap-default\">\n\t\t\t\t\t<div class=\"elementor-column elementor-col-50 elementor-top-column elementor-element elementor-element-fdeeb44\" data-id=\"fdeeb44\" data-element_type=\"column\" data-e-type=\"column\">\n\t\t\t<div class=\"elementor-widget-wrap elementor-element-populated\">\n\t\t\t\t\t\t<div class=\"elementor-element elementor-element-f37a91d elementor-widget elementor-widget-button\" data-id=\"f37a91d\" data-element_type=\"widget\" data-e-type=\"widget\" data-widget_type=\"button.default\">\n\t\t\t\t<div class=\"elementor-widget-container\">\n\t\t\t\t\t\t\t\t\t<div class=\"elementor-button-wrapper\">\n\t\t\t\t\t<a class=\"elementor-button elementor-button-link elementor-size-sm\" href=\"https:\/\/beachsidesoccer.org\/es\/our-coaches-2026\/\">\n\t\t\t\t\t\t<span class=\"elementor-button-content-wrapper\">\n\t\t\t\t\t\t<span class=\"elementor-button-icon\">\n\t\t\t\t<i aria-hidden=\"true\" class=\"fas fa-arrow-circle-left\"><\/i>\t\t\t<\/span>\n\t\t\t\t\t\t\t\t\t<span class=\"elementor-button-text\">Back to Coaches<\/span>\n\t\t\t\t\t<\/span>\n\t\t\t\t\t<\/a>\n\t\t\t\t<\/div>\n\t\t\t\t\t\t\t\t<\/div>\n\t\t\t\t<\/div>\n\t\t\t\t<div class=\"elementor-element elementor-element-6dbc4f1 elementor-widget elementor-widget-image\" data-id=\"6dbc4f1\" data-element_type=\"widget\" data-e-type=\"widget\" data-widget_type=\"image.default\">\n\t\t\t\t<div class=\"elementor-widget-container\">\n\t\t\t\t\t\t\t\t\t\t\t\t\t\t\t<img fetchpriority=\"high\" decoding=\"async\" width=\"660\" height=\"925\" src=\"https:\/\/beachsidesoccer.org\/wp-content\/uploads\/2026\/03\/PETE-731x1024.jpg\" class=\"attachment-large size-large wp-image-31277\" alt=\"\" srcset=\"https:\/\/beachsidesoccer.org\/wp-content\/uploads\/2026\/03\/PETE-731x1024.jpg 731w, https:\/\/beachsidesoccer.org\/wp-content\/uploads\/2026\/03\/PETE-214x300.jpg 214w, https:\/\/beachsidesoccer.org\/wp-content\/uploads\/2026\/03\/PETE-768x1075.jpg 768w, https:\/\/beachsidesoccer.org\/wp-content\/uploads\/2026\/03\/PETE-1097x1536.jpg 1097w, https:\/\/beachsidesoccer.org\/wp-content\/uploads\/2026\/03\/PETE-1463x2048.jpg 1463w, https:\/\/beachsidesoccer.org\/wp-content\/uploads\/2026\/03\/PETE-9x12.jpg 9w, https:\/\/beachsidesoccer.org\/wp-content\/uploads\/2026\/03\/PETE.jpg 1500w\" sizes=\"(max-width: 660px) 100vw, 660px\" \/>\t\t\t\t\t\t\t\t\t\t\t\t\t\t\t<\/div>\n\t\t\t\t<\/div>\n\t\t\t\t\t<\/div>\n\t\t<\/div>\n\t\t\t\t<div class=\"elementor-column elementor-col-50 elementor-top-column elementor-element elementor-element-b401c12\" data-id=\"b401c12\" data-element_type=\"column\" data-e-type=\"column\">\n\t\t\t<div class=\"elementor-widget-wrap elementor-element-populated\">\n\t\t\t\t\t\t<div class=\"elementor-element elementor-element-0043ed9 elementor-widget elementor-widget-heading\" data-id=\"0043ed9\" data-element_type=\"widget\" data-e-type=\"widget\" data-widget_type=\"heading.default\">\n\t\t\t\t<div class=\"elementor-widget-container\">\n\t\t\t\t\t<h2 class=\"elementor-heading-title elementor-size-default\">Pete Doneit<\/h2>\t\t\t\t<\/div>\n\t\t\t\t<\/div>\n\t\t\t\t<div class=\"elementor-element elementor-element-e1259ed elementor-widget elementor-widget-text-editor\" data-id=\"e1259ed\" data-element_type=\"widget\" data-e-type=\"widget\" data-widget_type=\"text-editor.default\">\n\t\t\t\t<div class=\"elementor-widget-container\">\n\t\t\t\t\t\t\t\t\t<p>Goalkeeper Director<br \/>U15 MLS Next HG Coach<\/p>\t\t\t\t\t\t\t\t<\/div>\n\t\t\t\t<\/div>\n\t\t\t\t<div class=\"elementor-element elementor-element-66a77bd elementor-widget elementor-widget-text-editor\" data-id=\"66a77bd\" data-element_type=\"widget\" data-e-type=\"widget\" data-widget_type=\"text-editor.default\">\n\t\t\t\t<div class=\"elementor-widget-container\">\n\t\t\t\t\t\t\t\t\t<p class=\"cvGsUA direction-ltr align-start para-style-body\"><span class=\"OYPEnA font-feature-liga-off font-feature-clig-off font-feature-calt-off text-decoration-none text-strikethrough-none\">Pete is in his 21st year coaching at Beachside Soccer Club. Over the years, Pete has led his teams to 6 State Cup championships, a Regional Final and a Region I Fair Play Award as well as leading Beachside\u2019s first team to compete in the USYS National League.<\/span><\/p><p class=\"cvGsUA direction-ltr align-start para-style-body\"><span class=\"OYPEnA font-feature-liga-off font-feature-clig-off font-feature-calt-off text-decoration-none text-strikethrough-none\">In addition, Pete is the Director of Beachside Juniors Developmental Program and is the Director of Goalkeeping for Beachside SC. Outside of Beachside, Pete is the Head Coach for the University of Bridgeport men\u2019s soccer team, and has been working with the University since 2001. From Pete\u2019s efforts, he has helped in the resurgence of the program as one of the top division II teams in the northeast.<\/span><\/p><p class=\"cvGsUA direction-ltr align-start para-style-body\"><span class=\"OYPEnA font-feature-liga-off font-feature-clig-off font-feature-calt-off text-decoration-none text-strikethrough-none\">Pete Jug\u00f3 cuatro a\u00f1os en la potencia de la Divisi\u00f3n 1 Hartwick College y pas\u00f3 dos temporadas en la USISL con Grand Rapid Explosion y Lansing Locomotive. Pas\u00f3 un tiempo con los Westchester Flames en la USL Pro Select League y tambi\u00e9n tuvo una breve temporada en Sud\u00e1frica.<\/span><\/p><p class=\"cvGsUA direction-ltr align-start para-style-body\"><span class=\"OYPEnA font-feature-liga-off font-feature-clig-off font-feature-calt-off text-decoration-none text-strikethrough-none\">In 2011 Pete was named USYS National Coach of the year and USYS Region 1 Youth Coach of the Year along with NSCAA East Region Coach of the Year. In addition, Doneit was also named CJSA Young Coach of the Year (2010) and CJSA Coach of the Year (2009).<\/span><\/p><p class=\"cvGsUA direction-ltr align-start para-style-body\"><span class=\"OYPEnA font-feature-liga-off font-feature-clig-off font-feature-calt-off text-decoration-none text-strikethrough-none\">Pete Doneit is a United States Soccer Federation \u2018A\u2019 licensed coach, and also holds a NSCAA level II Goalkeeping license.<\/span><\/p>\t\t\t\t\t\t\t\t<\/div>\n\t\t\t\t<\/div>\n\t\t\t\t\t<\/div>\n\t\t<\/div>\n\t\t\t\t\t<\/div>\n\t\t<\/section>\n\t\t\t\t<\/div>","protected":false},"excerpt":{"rendered":"<p>Back to Coaches Pete Doneit Goalkeeper DirectorU15 MLS Next HG Coach Pete is in his 21st year coaching at Beachside Soccer Club. Over the years, Pete has led his teams &hellip; <a href=\"https:\/\/beachsidesoccer.org\/es\/coach-pete-doneit\/\" class=\"more-link\">Continue reading <span class=\"screen-reader-text\">Coach Pete Doneit<\/span><\/a><\/p>","protected":false},"author":8,"featured_media":0,"parent":0,"menu_order":0,"comment_status":"closed","ping_status":"closed","template":"","meta":{"_acf_changed":false,"footnotes":""},"class_list":["post-31310","page","type-page","status-publish","hentry"],"acf":[],"yoast_head":"<!-- This site is optimized with the Yoast SEO plugin v27.4 - https:\/\/yoast.com\/product\/yoast-seo-wordpress\/ -->\n<title>Coach Pete Doneit - Beachside Soccer<\/title>\n<meta name=\"robots\" content=\"index, follow, max-snippet:-1, max-image-preview:large, max-video-preview:-1\" \/>\n<link rel=\"canonical\" href=\"https:\/\/beachsidesoccer.org\/es\/coach-pete-doneit\/\" \/>\n<meta property=\"og:locale\" content=\"es_MX\" \/>\n<meta property=\"og:type\" content=\"article\" \/>\n<meta property=\"og:title\" content=\"Coach Pete Doneit - Beachside Soccer\" \/>\n<meta property=\"og:description\" content=\"Back to Coaches Pete Doneit Goalkeeper DirectorU15 MLS Next HG Coach Pete is in his 21st year coaching at Beachside Soccer Club. Over the years, Pete has led his teams &hellip; Continue reading Coach Pete Doneit\" \/>\n<meta property=\"og:url\" content=\"https:\/\/beachsidesoccer.org\/es\/coach-pete-doneit\/\" \/>\n<meta property=\"og:site_name\" content=\"Beachside Soccer\" \/>\n<meta property=\"article:modified_time\" content=\"2026-04-01T22:10:09+00:00\" \/>\n<meta property=\"og:image\" content=\"https:\/\/beachsidesoccer.org\/wp-content\/uploads\/2026\/03\/PETE.jpg\" \/>\n\t<meta property=\"og:image:width\" content=\"1500\" \/>\n\t<meta property=\"og:image:height\" content=\"2100\" \/>\n\t<meta property=\"og:image:type\" content=\"image\/jpeg\" \/>\n<meta name=\"twitter:card\" content=\"summary_large_image\" \/>\n<meta name=\"twitter:label1\" content=\"Tiempo de lectura\" \/>\n\t<meta name=\"twitter:data1\" content=\"2 minutos\" \/>\n<script type=\"application\/ld+json\" class=\"yoast-schema-graph\">{\"@context\":\"https:\\\/\\\/schema.org\",\"@graph\":[{\"@type\":\"WebPage\",\"@id\":\"https:\\\/\\\/beachsidesoccer.org\\\/coach-pete-doneit\\\/\",\"url\":\"https:\\\/\\\/beachsidesoccer.org\\\/coach-pete-doneit\\\/\",\"name\":\"Coach Pete Doneit - Beachside Soccer\",\"isPartOf\":{\"@id\":\"https:\\\/\\\/beachsidesoccer.org\\\/#website\"},\"primaryImageOfPage\":{\"@id\":\"https:\\\/\\\/beachsidesoccer.org\\\/coach-pete-doneit\\\/#primaryimage\"},\"image\":{\"@id\":\"https:\\\/\\\/beachsidesoccer.org\\\/coach-pete-doneit\\\/#primaryimage\"},\"thumbnailUrl\":\"https:\\\/\\\/beachsidesoccer.org\\\/wp-content\\\/uploads\\\/2026\\\/03\\\/PETE-731x1024.jpg\",\"datePublished\":\"2026-03-20T21:36:20+00:00\",\"dateModified\":\"2026-04-01T22:10:09+00:00\",\"breadcrumb\":{\"@id\":\"https:\\\/\\\/beachsidesoccer.org\\\/coach-pete-doneit\\\/#breadcrumb\"},\"inLanguage\":\"es\",\"potentialAction\":[{\"@type\":\"ReadAction\",\"target\":[\"https:\\\/\\\/beachsidesoccer.org\\\/coach-pete-doneit\\\/\"]}]},{\"@type\":\"ImageObject\",\"inLanguage\":\"es\",\"@id\":\"https:\\\/\\\/beachsidesoccer.org\\\/coach-pete-doneit\\\/#primaryimage\",\"url\":\"https:\\\/\\\/beachsidesoccer.org\\\/wp-content\\\/uploads\\\/2026\\\/03\\\/PETE-731x1024.jpg\",\"contentUrl\":\"https:\\\/\\\/beachsidesoccer.org\\\/wp-content\\\/uploads\\\/2026\\\/03\\\/PETE-731x1024.jpg\"},{\"@type\":\"BreadcrumbList\",\"@id\":\"https:\\\/\\\/beachsidesoccer.org\\\/coach-pete-doneit\\\/#breadcrumb\",\"itemListElement\":[{\"@type\":\"ListItem\",\"position\":1,\"name\":\"Home\",\"item\":\"https:\\\/\\\/beachsidesoccer.org\\\/\"},{\"@type\":\"ListItem\",\"position\":2,\"name\":\"Coach Pete Doneit\"}]},{\"@type\":\"WebSite\",\"@id\":\"https:\\\/\\\/beachsidesoccer.org\\\/#website\",\"url\":\"https:\\\/\\\/beachsidesoccer.org\\\/\",\"name\":\"Beachside Soccer\",\"description\":\"\",\"publisher\":{\"@id\":\"https:\\\/\\\/beachsidesoccer.org\\\/#organization\"},\"potentialAction\":[{\"@type\":\"SearchAction\",\"target\":{\"@type\":\"EntryPoint\",\"urlTemplate\":\"https:\\\/\\\/beachsidesoccer.org\\\/?s={search_term_string}\"},\"query-input\":{\"@type\":\"PropertyValueSpecification\",\"valueRequired\":true,\"valueName\":\"search_term_string\"}}],\"inLanguage\":\"es\"},{\"@type\":\"Organization\",\"@id\":\"https:\\\/\\\/beachsidesoccer.org\\\/#organization\",\"name\":\"Beachside Soccer Club\",\"url\":\"https:\\\/\\\/beachsidesoccer.org\\\/\",\"logo\":{\"@type\":\"ImageObject\",\"inLanguage\":\"es\",\"@id\":\"https:\\\/\\\/beachsidesoccer.org\\\/#\\\/schema\\\/logo\\\/image\\\/\",\"url\":\"https:\\\/\\\/beachsidesoccer.org\\\/wp-content\\\/uploads\\\/2016\\\/06\\\/beachside-bright-logo_small.jpg\",\"contentUrl\":\"https:\\\/\\\/beachsidesoccer.org\\\/wp-content\\\/uploads\\\/2016\\\/06\\\/beachside-bright-logo_small.jpg\",\"width\":144,\"height\":179,\"caption\":\"Beachside Soccer Club\"},\"image\":{\"@id\":\"https:\\\/\\\/beachsidesoccer.org\\\/#\\\/schema\\\/logo\\\/image\\\/\"}}]}<\/script>\n<!-- \/ Yoast SEO plugin. -->","yoast_head_json":{"title":"Coach Pete Doneit - Beachside Soccer","robots":{"index":"index","follow":"follow","max-snippet":"max-snippet:-1","max-image-preview":"max-image-preview:large","max-video-preview":"max-video-preview:-1"},"canonical":"https:\/\/beachsidesoccer.org\/es\/coach-pete-doneit\/","og_locale":"es_MX","og_type":"article","og_title":"Coach Pete Doneit - Beachside Soccer","og_description":"Back to Coaches Pete Doneit Goalkeeper DirectorU15 MLS Next HG Coach Pete is in his 21st year coaching at Beachside Soccer Club. Over the years, Pete has led his teams &hellip; Continue reading Coach Pete Doneit","og_url":"https:\/\/beachsidesoccer.org\/es\/coach-pete-doneit\/","og_site_name":"Beachside Soccer","article_modified_time":"2026-04-01T22:10:09+00:00","og_image":[{"width":1500,"height":2100,"url":"https:\/\/beachsidesoccer.org\/wp-content\/uploads\/2026\/03\/PETE.jpg","type":"image\/jpeg"}],"twitter_card":"summary_large_image","twitter_misc":{"Tiempo de lectura":"2 minutos"},"schema":{"@context":"https:\/\/schema.org","@graph":[{"@type":"WebPage","@id":"https:\/\/beachsidesoccer.org\/coach-pete-doneit\/","url":"https:\/\/beachsidesoccer.org\/coach-pete-doneit\/","name":"Coach Pete Doneit - Beachside Soccer","isPartOf":{"@id":"https:\/\/beachsidesoccer.org\/#website"},"primaryImageOfPage":{"@id":"https:\/\/beachsidesoccer.org\/coach-pete-doneit\/#primaryimage"},"image":{"@id":"https:\/\/beachsidesoccer.org\/coach-pete-doneit\/#primaryimage"},"thumbnailUrl":"https:\/\/beachsidesoccer.org\/wp-content\/uploads\/2026\/03\/PETE-731x1024.jpg","datePublished":"2026-03-20T21:36:20+00:00","dateModified":"2026-04-01T22:10:09+00:00","breadcrumb":{"@id":"https:\/\/beachsidesoccer.org\/coach-pete-doneit\/#breadcrumb"},"inLanguage":"es","potentialAction":[{"@type":"ReadAction","target":["https:\/\/beachsidesoccer.org\/coach-pete-doneit\/"]}]},{"@type":"ImageObject","inLanguage":"es","@id":"https:\/\/beachsidesoccer.org\/coach-pete-doneit\/#primaryimage","url":"https:\/\/beachsidesoccer.org\/wp-content\/uploads\/2026\/03\/PETE-731x1024.jpg","contentUrl":"https:\/\/beachsidesoccer.org\/wp-content\/uploads\/2026\/03\/PETE-731x1024.jpg"},{"@type":"BreadcrumbList","@id":"https:\/\/beachsidesoccer.org\/coach-pete-doneit\/#breadcrumb","itemListElement":[{"@type":"ListItem","position":1,"name":"Home","item":"https:\/\/beachsidesoccer.org\/"},{"@type":"ListItem","position":2,"name":"Coach Pete Doneit"}]},{"@type":"WebSite","@id":"https:\/\/beachsidesoccer.org\/#website","url":"https:\/\/beachsidesoccer.org\/","name":"F\u00fatbol junto a la playa","description":"","publisher":{"@id":"https:\/\/beachsidesoccer.org\/#organization"},"potentialAction":[{"@type":"SearchAction","target":{"@type":"EntryPoint","urlTemplate":"https:\/\/beachsidesoccer.org\/?s={search_term_string}"},"query-input":{"@type":"PropertyValueSpecification","valueRequired":true,"valueName":"search_term_string"}}],"inLanguage":"es"},{"@type":"Organization","@id":"https:\/\/beachsidesoccer.org\/#organization","name":"Club de f\u00fatbol junto a la playa","url":"https:\/\/beachsidesoccer.org\/","logo":{"@type":"ImageObject","inLanguage":"es","@id":"https:\/\/beachsidesoccer.org\/#\/schema\/logo\/image\/","url":"https:\/\/beachsidesoccer.org\/wp-content\/uploads\/2016\/06\/beachside-bright-logo_small.jpg","contentUrl":"https:\/\/beachsidesoccer.org\/wp-content\/uploads\/2016\/06\/beachside-bright-logo_small.jpg","width":144,"height":179,"caption":"Beachside Soccer Club"},"image":{"@id":"https:\/\/beachsidesoccer.org\/#\/schema\/logo\/image\/"}}]}},"_links":{"self":[{"href":"https:\/\/beachsidesoccer.org\/es\/wp-json\/wp\/v2\/pages\/31310","targetHints":{"allow":["GET"]}}],"collection":[{"href":"https:\/\/beachsidesoccer.org\/es\/wp-json\/wp\/v2\/pages"}],"about":[{"href":"https:\/\/beachsidesoccer.org\/es\/wp-json\/wp\/v2\/types\/page"}],"author":[{"embeddable":true,"href":"https:\/\/beachsidesoccer.org\/es\/wp-json\/wp\/v2\/users\/8"}],"replies":[{"embeddable":true,"href":"https:\/\/beachsidesoccer.org\/es\/wp-json\/wp\/v2\/comments?post=31310"}],"version-history":[{"count":7,"href":"https:\/\/beachsidesoccer.org\/es\/wp-json\/wp\/v2\/pages\/31310\/revisions"}],"predecessor-version":[{"id":31528,"href":"https:\/\/beachsidesoccer.org\/es\/wp-json\/wp\/v2\/pages\/31310\/revisions\/31528"}],"wp:attachment":[{"href":"https:\/\/beachsidesoccer.org\/es\/wp-json\/wp\/v2\/media?parent=31310"}],"curies":[{"name":"wp","href":"https:\/\/api.w.org\/{rel}","templated":true}]}}