{"id":26309,"date":"2021-01-26T17:00:37","date_gmt":"2021-01-26T22:00:37","guid":{"rendered":"https:\/\/beachsidesoccer.org\/?page_id=26309"},"modified":"2021-02-11T10:24:15","modified_gmt":"2021-02-11T15:24:15","slug":"pro-affiliates","status":"publish","type":"page","link":"https:\/\/beachsidesoccer.org\/es\/our-club\/pro-affiliates\/","title":{"rendered":"Afiliados profesionales"},"content":{"rendered":"<div data-elementor-type=\"wp-page\" data-elementor-id=\"26309\" class=\"elementor elementor-26309\" data-elementor-post-type=\"page\">\n\t\t\t\t\t\t<section class=\"elementor-section elementor-top-section elementor-element elementor-element-5b28cf44 elementor-section-boxed elementor-section-height-default elementor-section-height-default\" data-id=\"5b28cf44\" data-element_type=\"section\" data-e-type=\"section\">\n\t\t\t\t\t\t<div class=\"elementor-container elementor-column-gap-default\">\n\t\t\t\t\t<div class=\"elementor-column elementor-col-100 elementor-top-column elementor-element elementor-element-204445df\" data-id=\"204445df\" data-element_type=\"column\" data-e-type=\"column\">\n\t\t\t<div class=\"elementor-widget-wrap elementor-element-populated\">\n\t\t\t\t\t\t<div class=\"elementor-element elementor-element-445e314 elementor-widget elementor-widget-text-editor\" data-id=\"445e314\" data-element_type=\"widget\" data-e-type=\"widget\" data-widget_type=\"text-editor.default\">\n\t\t\t\t<div class=\"elementor-widget-container\">\n\t\t\t\t\t\t\t\t\t<p>Las afiliaciones a continuaci\u00f3n est\u00e1n destinadas a construir una relaci\u00f3n deportiva y educativa entre Beachside y el club profesional. Al trabajar juntos, el objetivo final es maximizar el desarrollo del jugador.<\/p><p>Las \u00e1reas de inter\u00e9s com\u00fan para trabajar y desarrollar juntos son, y no se limitan a, ubicaci\u00f3n de jugadores, equipo anfitri\u00f3n, educaci\u00f3n de entrenadores, cl\u00ednicas, informaci\u00f3n de herramientas de gesti\u00f3n, educaci\u00f3n de ojeadores, etc.<\/p><p>Las \u00e1reas a explorar en un campo de educaci\u00f3n continua est\u00e1n abiertas de esta manera en una predisposici\u00f3n de ambas organizaciones a trabajar juntas para finalizar una relaci\u00f3n a largo plazo y duradera con el objetivo de beneficiar tanto a los clubes como a los atletas.<\/p>\t\t\t\t\t\t\t\t<\/div>\n\t\t\t\t<\/div>\n\t\t\t\t\t<\/div>\n\t\t<\/div>\n\t\t\t\t\t<\/div>\n\t\t<\/section>\n\t\t\t\t<section class=\"elementor-section elementor-top-section elementor-element elementor-element-39566ed elementor-section-boxed elementor-section-height-default elementor-section-height-default\" data-id=\"39566ed\" data-element_type=\"section\" data-e-type=\"section\">\n\t\t\t\t\t\t<div class=\"elementor-container elementor-column-gap-default\">\n\t\t\t\t\t<div class=\"elementor-column elementor-col-25 elementor-top-column elementor-element elementor-element-b8bb87f\" data-id=\"b8bb87f\" data-element_type=\"column\" data-e-type=\"column\">\n\t\t\t<div class=\"elementor-widget-wrap\">\n\t\t\t\t\t\t\t<\/div>\n\t\t<\/div>\n\t\t\t\t<div class=\"elementor-column elementor-col-25 elementor-top-column elementor-element elementor-element-28393b5\" data-id=\"28393b5\" data-element_type=\"column\" data-e-type=\"column\">\n\t\t\t<div class=\"elementor-widget-wrap elementor-element-populated\">\n\t\t\t\t\t\t<div class=\"elementor-element elementor-element-8da909f elementor-widget elementor-widget-image\" data-id=\"8da909f\" data-element_type=\"widget\" data-e-type=\"widget\" data-widget_type=\"image.default\">\n\t\t\t\t<div class=\"elementor-widget-container\">\n\t\t\t\t\t\t\t\t\t\t\t\t\t\t\t<img fetchpriority=\"high\" decoding=\"async\" width=\"1200\" height=\"1349\" src=\"https:\/\/beachsidesoccer.org\/wp-content\/uploads\/2021\/01\/sporting-kc-logo.png\" class=\"attachment-full size-full wp-image-26328\" alt=\"Sporting KC, USA\" srcset=\"https:\/\/beachsidesoccer.org\/wp-content\/uploads\/2021\/01\/sporting-kc-logo.png 1200w, https:\/\/beachsidesoccer.org\/wp-content\/uploads\/2021\/01\/sporting-kc-logo-267x300.png 267w, https:\/\/beachsidesoccer.org\/wp-content\/uploads\/2021\/01\/sporting-kc-logo-911x1024.png 911w, https:\/\/beachsidesoccer.org\/wp-content\/uploads\/2021\/01\/sporting-kc-logo-768x863.png 768w\" sizes=\"(max-width: 1200px) 100vw, 1200px\" \/>\t\t\t\t\t\t\t\t\t\t\t\t\t\t\t<\/div>\n\t\t\t\t<\/div>\n\t\t\t\t<div class=\"elementor-element elementor-element-3897175 elementor-widget elementor-widget-text-editor\" data-id=\"3897175\" data-element_type=\"widget\" data-e-type=\"widget\" data-widget_type=\"text-editor.default\">\n\t\t\t\t<div class=\"elementor-widget-container\">\n\t\t\t\t\t\t\t\t\t<p>Sporting KC, Estados Unidos<\/p>\t\t\t\t\t\t\t\t<\/div>\n\t\t\t\t<\/div>\n\t\t\t\t\t<\/div>\n\t\t<\/div>\n\t\t\t\t<div class=\"elementor-column elementor-col-25 elementor-top-column elementor-element elementor-element-1653d70\" data-id=\"1653d70\" data-element_type=\"column\" data-e-type=\"column\">\n\t\t\t<div class=\"elementor-widget-wrap elementor-element-populated\">\n\t\t\t\t\t\t<div class=\"elementor-element elementor-element-e527a29 elementor-widget elementor-widget-image\" data-id=\"e527a29\" data-element_type=\"widget\" data-e-type=\"widget\" data-widget_type=\"image.default\">\n\t\t\t\t<div class=\"elementor-widget-container\">\n\t\t\t\t\t\t\t\t\t\t\t\t\t\t\t<img decoding=\"async\" width=\"660\" height=\"617\" src=\"https:\/\/beachsidesoccer.org\/wp-content\/uploads\/2021\/01\/toronto-fc-logo-1024x957.png\" class=\"attachment-large size-large wp-image-26329\" alt=\"Toronto FC, Canada\" srcset=\"https:\/\/beachsidesoccer.org\/wp-content\/uploads\/2021\/01\/toronto-fc-logo-1024x957.png 1024w, https:\/\/beachsidesoccer.org\/wp-content\/uploads\/2021\/01\/toronto-fc-logo-300x281.png 300w, https:\/\/beachsidesoccer.org\/wp-content\/uploads\/2021\/01\/toronto-fc-logo-768x718.png 768w, https:\/\/beachsidesoccer.org\/wp-content\/uploads\/2021\/01\/toronto-fc-logo.png 1200w\" sizes=\"(max-width: 660px) 100vw, 660px\" \/>\t\t\t\t\t\t\t\t\t\t\t\t\t\t\t<\/div>\n\t\t\t\t<\/div>\n\t\t\t\t<div class=\"elementor-element elementor-element-b2f4bae elementor-widget elementor-widget-text-editor\" data-id=\"b2f4bae\" data-element_type=\"widget\" data-e-type=\"widget\" data-widget_type=\"text-editor.default\">\n\t\t\t\t<div class=\"elementor-widget-container\">\n\t\t\t\t\t\t\t\t\t<p>Toronto Canada<\/p>\t\t\t\t\t\t\t\t<\/div>\n\t\t\t\t<\/div>\n\t\t\t\t\t<\/div>\n\t\t<\/div>\n\t\t\t\t<div class=\"elementor-column elementor-col-25 elementor-top-column elementor-element elementor-element-83dd637\" data-id=\"83dd637\" data-element_type=\"column\" data-e-type=\"column\">\n\t\t\t<div class=\"elementor-widget-wrap\">\n\t\t\t\t\t\t\t<\/div>\n\t\t<\/div>\n\t\t\t\t\t<\/div>\n\t\t<\/section>\n\t\t\t\t<section class=\"elementor-section elementor-top-section elementor-element elementor-element-87a3e2e elementor-section-boxed elementor-section-height-default elementor-section-height-default\" data-id=\"87a3e2e\" data-element_type=\"section\" data-e-type=\"section\">\n\t\t\t\t\t\t<div class=\"elementor-container elementor-column-gap-default\">\n\t\t\t\t\t<div class=\"elementor-column elementor-col-33 elementor-top-column elementor-element elementor-element-95d80ce\" data-id=\"95d80ce\" data-element_type=\"column\" data-e-type=\"column\">\n\t\t\t<div class=\"elementor-widget-wrap elementor-element-populated\">\n\t\t\t\t\t\t<div class=\"elementor-element elementor-element-9b11a8b elementor-widget elementor-widget-image\" data-id=\"9b11a8b\" data-element_type=\"widget\" data-e-type=\"widget\" data-widget_type=\"image.default\">\n\t\t\t\t<div class=\"elementor-widget-container\">\n\t\t\t\t\t\t\t\t\t\t\t\t\t\t\t<img decoding=\"async\" width=\"483\" height=\"546\" src=\"https:\/\/beachsidesoccer.org\/wp-content\/uploads\/2021\/01\/EDELP-Logo.png\" class=\"attachment-large size-large wp-image-26335\" alt=\"estudiantes de la plata, argentina\" srcset=\"https:\/\/beachsidesoccer.org\/wp-content\/uploads\/2021\/01\/EDELP-Logo.png 483w, https:\/\/beachsidesoccer.org\/wp-content\/uploads\/2021\/01\/EDELP-Logo-265x300.png 265w\" sizes=\"(max-width: 483px) 100vw, 483px\" \/>\t\t\t\t\t\t\t\t\t\t\t\t\t\t\t<\/div>\n\t\t\t\t<\/div>\n\t\t\t\t<div class=\"elementor-element elementor-element-ff08671 elementor-widget elementor-widget-text-editor\" data-id=\"ff08671\" data-element_type=\"widget\" data-e-type=\"widget\" data-widget_type=\"text-editor.default\">\n\t\t\t\t<div class=\"elementor-widget-container\">\n\t\t\t\t\t\t\t\t\t<p>Estudiantes de La Plata, Argentina<\/p>\t\t\t\t\t\t\t\t<\/div>\n\t\t\t\t<\/div>\n\t\t\t\t\t<\/div>\n\t\t<\/div>\n\t\t\t\t<div class=\"elementor-column elementor-col-33 elementor-top-column elementor-element elementor-element-baa1ad5\" data-id=\"baa1ad5\" data-element_type=\"column\" data-e-type=\"column\">\n\t\t\t<div class=\"elementor-widget-wrap elementor-element-populated\">\n\t\t\t\t\t\t<div class=\"elementor-element elementor-element-413890e elementor-widget elementor-widget-image\" data-id=\"413890e\" data-element_type=\"widget\" data-e-type=\"widget\" data-widget_type=\"image.default\">\n\t\t\t\t<div class=\"elementor-widget-container\">\n\t\t\t\t\t\t\t\t\t\t\t\t\t\t\t<img loading=\"lazy\" decoding=\"async\" width=\"220\" height=\"220\" src=\"https:\/\/beachsidesoccer.org\/wp-content\/uploads\/2021\/01\/HB_Koge_logo.png\" class=\"attachment-large size-large wp-image-26330\" alt=\"HB Koge, Denmark\" srcset=\"https:\/\/beachsidesoccer.org\/wp-content\/uploads\/2021\/01\/HB_Koge_logo.png 220w, https:\/\/beachsidesoccer.org\/wp-content\/uploads\/2021\/01\/HB_Koge_logo-150x150.png 150w\" sizes=\"(max-width: 220px) 100vw, 220px\" \/>\t\t\t\t\t\t\t\t\t\t\t\t\t\t\t<\/div>\n\t\t\t\t<\/div>\n\t\t\t\t<div class=\"elementor-element elementor-element-a7dd83c elementor-widget elementor-widget-text-editor\" data-id=\"a7dd83c\" data-element_type=\"widget\" data-e-type=\"widget\" data-widget_type=\"text-editor.default\">\n\t\t\t\t<div class=\"elementor-widget-container\">\n\t\t\t\t\t\t\t\t\t<p>HB K\u00f8ge, Dinamarca<\/p>\t\t\t\t\t\t\t\t<\/div>\n\t\t\t\t<\/div>\n\t\t\t\t\t<\/div>\n\t\t<\/div>\n\t\t\t\t<div class=\"elementor-column elementor-col-33 elementor-top-column elementor-element elementor-element-aac8350\" data-id=\"aac8350\" data-element_type=\"column\" data-e-type=\"column\">\n\t\t\t<div class=\"elementor-widget-wrap elementor-element-populated\">\n\t\t\t\t\t\t<div class=\"elementor-element elementor-element-62587d1 elementor-widget elementor-widget-image\" data-id=\"62587d1\" data-element_type=\"widget\" data-e-type=\"widget\" data-widget_type=\"image.default\">\n\t\t\t\t<div class=\"elementor-widget-container\">\n\t\t\t\t\t\t\t\t\t\t\t\t\t\t\t<img loading=\"lazy\" decoding=\"async\" width=\"200\" height=\"200\" src=\"https:\/\/beachsidesoccer.org\/wp-content\/uploads\/2021\/01\/MSV-Duisburg-logo.png\" class=\"attachment-large size-large wp-image-26331\" alt=\"MSV Duisburg, Germany\" srcset=\"https:\/\/beachsidesoccer.org\/wp-content\/uploads\/2021\/01\/MSV-Duisburg-logo.png 200w, https:\/\/beachsidesoccer.org\/wp-content\/uploads\/2021\/01\/MSV-Duisburg-logo-150x150.png 150w\" sizes=\"(max-width: 200px) 100vw, 200px\" \/>\t\t\t\t\t\t\t\t\t\t\t\t\t\t\t<\/div>\n\t\t\t\t<\/div>\n\t\t\t\t<div class=\"elementor-element elementor-element-b7e6584 elementor-widget elementor-widget-text-editor\" data-id=\"b7e6584\" data-element_type=\"widget\" data-e-type=\"widget\" data-widget_type=\"text-editor.default\">\n\t\t\t\t<div class=\"elementor-widget-container\">\n\t\t\t\t\t\t\t\t\t<p>MSV Duisburg, Alemania<\/p>\t\t\t\t\t\t\t\t<\/div>\n\t\t\t\t<\/div>\n\t\t\t\t\t<\/div>\n\t\t<\/div>\n\t\t\t\t\t<\/div>\n\t\t<\/section>\n\t\t\t\t<\/div>","protected":false},"excerpt":{"rendered":"<p>The below affiliations are intended to build a sports and educational relationship between Beachside and the professional club. By working together, the ultimate goal is to maximize player development. The &hellip; <a href=\"https:\/\/beachsidesoccer.org\/es\/our-club\/pro-affiliates\/\" class=\"more-link\">Continue reading <span class=\"screen-reader-text\">Afiliados profesionales<\/span><\/a><\/p>","protected":false},"author":3,"featured_media":0,"parent":10,"menu_order":5,"comment_status":"closed","ping_status":"closed","template":"page-basic.php","meta":{"_acf_changed":false,"footnotes":""},"class_list":["post-26309","page","type-page","status-publish","hentry"],"acf":[],"yoast_head":"<!-- This site is optimized with the Yoast SEO plugin v27.4 - https:\/\/yoast.com\/product\/yoast-seo-wordpress\/ -->\n<title>Pro Affiliates - Beachside Soccer<\/title>\n<meta name=\"robots\" content=\"index, follow, max-snippet:-1, max-image-preview:large, max-video-preview:-1\" \/>\n<link rel=\"canonical\" href=\"https:\/\/beachsidesoccer.org\/es\/our-club\/pro-affiliates\/\" \/>\n<meta property=\"og:locale\" content=\"es_MX\" \/>\n<meta property=\"og:type\" content=\"article\" \/>\n<meta property=\"og:title\" content=\"Pro Affiliates - Beachside Soccer\" \/>\n<meta property=\"og:description\" content=\"The below affiliations are intended to build a sports and educational relationship between Beachside and the professional club. By working together, the ultimate goal is to maximize player development. The &hellip; Continue reading Pro Affiliates\" \/>\n<meta property=\"og:url\" content=\"https:\/\/beachsidesoccer.org\/es\/our-club\/pro-affiliates\/\" \/>\n<meta property=\"og:site_name\" content=\"Beachside Soccer\" \/>\n<meta property=\"article:modified_time\" content=\"2021-02-11T15:24:15+00:00\" \/>\n<meta property=\"og:image\" content=\"https:\/\/beachsidesoccer.org\/wp-content\/uploads\/2021\/01\/sporting-kc-logo.png\" \/>\n<meta name=\"twitter:card\" content=\"summary_large_image\" \/>\n<meta name=\"twitter:label1\" content=\"Tiempo de lectura\" \/>\n\t<meta name=\"twitter:data1\" content=\"1 minuto\" \/>\n<script type=\"application\/ld+json\" class=\"yoast-schema-graph\">{\"@context\":\"https:\\\/\\\/schema.org\",\"@graph\":[{\"@type\":\"WebPage\",\"@id\":\"https:\\\/\\\/beachsidesoccer.org\\\/our-club\\\/pro-affiliates\\\/\",\"url\":\"https:\\\/\\\/beachsidesoccer.org\\\/our-club\\\/pro-affiliates\\\/\",\"name\":\"Pro Affiliates - Beachside Soccer\",\"isPartOf\":{\"@id\":\"https:\\\/\\\/beachsidesoccer.org\\\/#website\"},\"primaryImageOfPage\":{\"@id\":\"https:\\\/\\\/beachsidesoccer.org\\\/our-club\\\/pro-affiliates\\\/#primaryimage\"},\"image\":{\"@id\":\"https:\\\/\\\/beachsidesoccer.org\\\/our-club\\\/pro-affiliates\\\/#primaryimage\"},\"thumbnailUrl\":\"https:\\\/\\\/beachsidesoccer.org\\\/wp-content\\\/uploads\\\/2021\\\/01\\\/sporting-kc-logo.png\",\"datePublished\":\"2021-01-26T22:00:37+00:00\",\"dateModified\":\"2021-02-11T15:24:15+00:00\",\"breadcrumb\":{\"@id\":\"https:\\\/\\\/beachsidesoccer.org\\\/our-club\\\/pro-affiliates\\\/#breadcrumb\"},\"inLanguage\":\"es\",\"potentialAction\":[{\"@type\":\"ReadAction\",\"target\":[\"https:\\\/\\\/beachsidesoccer.org\\\/our-club\\\/pro-affiliates\\\/\"]}]},{\"@type\":\"ImageObject\",\"inLanguage\":\"es\",\"@id\":\"https:\\\/\\\/beachsidesoccer.org\\\/our-club\\\/pro-affiliates\\\/#primaryimage\",\"url\":\"https:\\\/\\\/beachsidesoccer.org\\\/wp-content\\\/uploads\\\/2021\\\/01\\\/sporting-kc-logo.png\",\"contentUrl\":\"https:\\\/\\\/beachsidesoccer.org\\\/wp-content\\\/uploads\\\/2021\\\/01\\\/sporting-kc-logo.png\"},{\"@type\":\"BreadcrumbList\",\"@id\":\"https:\\\/\\\/beachsidesoccer.org\\\/our-club\\\/pro-affiliates\\\/#breadcrumb\",\"itemListElement\":[{\"@type\":\"ListItem\",\"position\":1,\"name\":\"Home\",\"item\":\"https:\\\/\\\/beachsidesoccer.org\\\/\"},{\"@type\":\"ListItem\",\"position\":2,\"name\":\"Our Club\",\"item\":\"https:\\\/\\\/beachsidesoccer.org\\\/our-club\\\/\"},{\"@type\":\"ListItem\",\"position\":3,\"name\":\"Pro Affiliates\"}]},{\"@type\":\"WebSite\",\"@id\":\"https:\\\/\\\/beachsidesoccer.org\\\/#website\",\"url\":\"https:\\\/\\\/beachsidesoccer.org\\\/\",\"name\":\"Beachside Soccer\",\"description\":\"\",\"publisher\":{\"@id\":\"https:\\\/\\\/beachsidesoccer.org\\\/#organization\"},\"potentialAction\":[{\"@type\":\"SearchAction\",\"target\":{\"@type\":\"EntryPoint\",\"urlTemplate\":\"https:\\\/\\\/beachsidesoccer.org\\\/?s={search_term_string}\"},\"query-input\":{\"@type\":\"PropertyValueSpecification\",\"valueRequired\":true,\"valueName\":\"search_term_string\"}}],\"inLanguage\":\"es\"},{\"@type\":\"Organization\",\"@id\":\"https:\\\/\\\/beachsidesoccer.org\\\/#organization\",\"name\":\"Beachside Soccer Club\",\"url\":\"https:\\\/\\\/beachsidesoccer.org\\\/\",\"logo\":{\"@type\":\"ImageObject\",\"inLanguage\":\"es\",\"@id\":\"https:\\\/\\\/beachsidesoccer.org\\\/#\\\/schema\\\/logo\\\/image\\\/\",\"url\":\"https:\\\/\\\/beachsidesoccer.org\\\/wp-content\\\/uploads\\\/2016\\\/06\\\/beachside-bright-logo_small.jpg\",\"contentUrl\":\"https:\\\/\\\/beachsidesoccer.org\\\/wp-content\\\/uploads\\\/2016\\\/06\\\/beachside-bright-logo_small.jpg\",\"width\":144,\"height\":179,\"caption\":\"Beachside Soccer Club\"},\"image\":{\"@id\":\"https:\\\/\\\/beachsidesoccer.org\\\/#\\\/schema\\\/logo\\\/image\\\/\"}}]}<\/script>\n<!-- \/ Yoast SEO plugin. -->","yoast_head_json":{"title":"Pro Affiliates - Beachside Soccer","robots":{"index":"index","follow":"follow","max-snippet":"max-snippet:-1","max-image-preview":"max-image-preview:large","max-video-preview":"max-video-preview:-1"},"canonical":"https:\/\/beachsidesoccer.org\/es\/our-club\/pro-affiliates\/","og_locale":"es_MX","og_type":"article","og_title":"Pro Affiliates - Beachside Soccer","og_description":"The below affiliations are intended to build a sports and educational relationship between Beachside and the professional club. By working together, the ultimate goal is to maximize player development. The &hellip; Continue reading Pro Affiliates","og_url":"https:\/\/beachsidesoccer.org\/es\/our-club\/pro-affiliates\/","og_site_name":"Beachside Soccer","article_modified_time":"2021-02-11T15:24:15+00:00","og_image":[{"url":"https:\/\/beachsidesoccer.org\/wp-content\/uploads\/2021\/01\/sporting-kc-logo.png","type":"","width":"","height":""}],"twitter_card":"summary_large_image","twitter_misc":{"Tiempo de lectura":"1 minuto"},"schema":{"@context":"https:\/\/schema.org","@graph":[{"@type":"WebPage","@id":"https:\/\/beachsidesoccer.org\/our-club\/pro-affiliates\/","url":"https:\/\/beachsidesoccer.org\/our-club\/pro-affiliates\/","name":"Pro Affiliates - Beachside Soccer","isPartOf":{"@id":"https:\/\/beachsidesoccer.org\/#website"},"primaryImageOfPage":{"@id":"https:\/\/beachsidesoccer.org\/our-club\/pro-affiliates\/#primaryimage"},"image":{"@id":"https:\/\/beachsidesoccer.org\/our-club\/pro-affiliates\/#primaryimage"},"thumbnailUrl":"https:\/\/beachsidesoccer.org\/wp-content\/uploads\/2021\/01\/sporting-kc-logo.png","datePublished":"2021-01-26T22:00:37+00:00","dateModified":"2021-02-11T15:24:15+00:00","breadcrumb":{"@id":"https:\/\/beachsidesoccer.org\/our-club\/pro-affiliates\/#breadcrumb"},"inLanguage":"es","potentialAction":[{"@type":"ReadAction","target":["https:\/\/beachsidesoccer.org\/our-club\/pro-affiliates\/"]}]},{"@type":"ImageObject","inLanguage":"es","@id":"https:\/\/beachsidesoccer.org\/our-club\/pro-affiliates\/#primaryimage","url":"https:\/\/beachsidesoccer.org\/wp-content\/uploads\/2021\/01\/sporting-kc-logo.png","contentUrl":"https:\/\/beachsidesoccer.org\/wp-content\/uploads\/2021\/01\/sporting-kc-logo.png"},{"@type":"BreadcrumbList","@id":"https:\/\/beachsidesoccer.org\/our-club\/pro-affiliates\/#breadcrumb","itemListElement":[{"@type":"ListItem","position":1,"name":"Home","item":"https:\/\/beachsidesoccer.org\/"},{"@type":"ListItem","position":2,"name":"Our Club","item":"https:\/\/beachsidesoccer.org\/our-club\/"},{"@type":"ListItem","position":3,"name":"Pro Affiliates"}]},{"@type":"WebSite","@id":"https:\/\/beachsidesoccer.org\/#website","url":"https:\/\/beachsidesoccer.org\/","name":"F\u00fatbol junto a la playa","description":"","publisher":{"@id":"https:\/\/beachsidesoccer.org\/#organization"},"potentialAction":[{"@type":"SearchAction","target":{"@type":"EntryPoint","urlTemplate":"https:\/\/beachsidesoccer.org\/?s={search_term_string}"},"query-input":{"@type":"PropertyValueSpecification","valueRequired":true,"valueName":"search_term_string"}}],"inLanguage":"es"},{"@type":"Organization","@id":"https:\/\/beachsidesoccer.org\/#organization","name":"Club de f\u00fatbol junto a la playa","url":"https:\/\/beachsidesoccer.org\/","logo":{"@type":"ImageObject","inLanguage":"es","@id":"https:\/\/beachsidesoccer.org\/#\/schema\/logo\/image\/","url":"https:\/\/beachsidesoccer.org\/wp-content\/uploads\/2016\/06\/beachside-bright-logo_small.jpg","contentUrl":"https:\/\/beachsidesoccer.org\/wp-content\/uploads\/2016\/06\/beachside-bright-logo_small.jpg","width":144,"height":179,"caption":"Beachside Soccer Club"},"image":{"@id":"https:\/\/beachsidesoccer.org\/#\/schema\/logo\/image\/"}}]}},"_links":{"self":[{"href":"https:\/\/beachsidesoccer.org\/es\/wp-json\/wp\/v2\/pages\/26309","targetHints":{"allow":["GET"]}}],"collection":[{"href":"https:\/\/beachsidesoccer.org\/es\/wp-json\/wp\/v2\/pages"}],"about":[{"href":"https:\/\/beachsidesoccer.org\/es\/wp-json\/wp\/v2\/types\/page"}],"author":[{"embeddable":true,"href":"https:\/\/beachsidesoccer.org\/es\/wp-json\/wp\/v2\/users\/3"}],"replies":[{"embeddable":true,"href":"https:\/\/beachsidesoccer.org\/es\/wp-json\/wp\/v2\/comments?post=26309"}],"version-history":[{"count":0,"href":"https:\/\/beachsidesoccer.org\/es\/wp-json\/wp\/v2\/pages\/26309\/revisions"}],"up":[{"embeddable":true,"href":"https:\/\/beachsidesoccer.org\/es\/wp-json\/wp\/v2\/pages\/10"}],"wp:attachment":[{"href":"https:\/\/beachsidesoccer.org\/es\/wp-json\/wp\/v2\/media?parent=26309"}],"curies":[{"name":"wp","href":"https:\/\/api.w.org\/{rel}","templated":true}]}}