{"id":2369,"date":"2016-07-03T11:18:19","date_gmt":"2016-07-03T15:18:19","guid":{"rendered":"https:\/\/beachsidesoccer.org\/?page_id=2369"},"modified":"2020-11-24T00:31:15","modified_gmt":"2020-11-24T05:31:15","slug":"fc-barcelona","status":"publish","type":"page","link":"https:\/\/beachsidesoccer.org\/es\/fc-barcelona\/","title":{"rendered":"Nuestra visita al FC Barcelona"},"content":{"rendered":"<p>Del 12 al 21 de febrero de 2011, el entrenador Allan Zuniga y yo viajamos a Barcelona, Espa\u00f1a, para observar el sistema juvenil y los m\u00e9todos de entrenamiento del F\u00fatbol Club Barcelona (FCB). El FCB es considerado por muchos como el mejor club de desarrollo juvenil del mundo.<\/p>\n<p>Ocho jugadores del once inicial m\u00e1s famoso del mundo, seis jugadores del once inicial de la selecci\u00f3n espa\u00f1ola de la Copa del Mundo de Espa\u00f1a y los tres mejores candidatos al Futbolista del A\u00f1o 2010 llegaron para el sistema juvenil del FCB (Messi, Xavi, Iniesta)<\/p>\n<p><img fetchpriority=\"high\" decoding=\"async\" class=\"alignleft wp-image-2377\" src=\"https:\/\/beachsidesoccer.org\/wp-content\/uploads\/2016\/07\/Mickey-U9-U10_Players.lr_.jpg\" alt=\"Mickey-U9-U10_Players.lr\" width=\"295\" height=\"186\" srcset=\"https:\/\/beachsidesoccer.org\/wp-content\/uploads\/2016\/07\/Mickey-U9-U10_Players.lr_.jpg 581w, https:\/\/beachsidesoccer.org\/wp-content\/uploads\/2016\/07\/Mickey-U9-U10_Players.lr_-300x189.jpg 300w\" sizes=\"(max-width: 295px) 100vw, 295px\" \/>De hecho, este viaje de una semana se convirti\u00f3 en la experiencia educativa de su vida. Obtuvimos mucho conocimiento, pero aqu\u00ed est\u00e1n mis tres observaciones m\u00e1s llamativas: (Para su informaci\u00f3n: anot\u00e9 m\u00e1s de 100 comentarios)<\/p>\n<p>Todo el mundo, me refiero a todo el mundo, en FCB es humilde, con los pies en la tierra, respetuoso, colaborador, servicial y muy accesible. Lo ves en sus jugadores y entrenadores senior, jugadores y entrenadores juveniles, padres, guardias de seguridad, etc. Y es evidente que esta es una pieza importante de su cultura.<\/p>\n<p><img decoding=\"async\" class=\"size-full wp-image-2191 align right alignright\" src=\"https:\/\/beachsidesoccer.org\/wp-content\/uploads\/2016\/04\/Guardiola-Mickey_2.lr_.jpg\" alt=\"Guardiola-Mickey_2.lr\" width=\"360\" height=\"206\" srcset=\"https:\/\/beachsidesoccer.org\/wp-content\/uploads\/2016\/04\/Guardiola-Mickey_2.lr_.jpg 360w, https:\/\/beachsidesoccer.org\/wp-content\/uploads\/2016\/04\/Guardiola-Mickey_2.lr_-300x172.jpg 300w\" sizes=\"(max-width: 360px) 100vw, 360px\" \/>La alta calidad de sus jugadores juveniles, especialmente t\u00e9cnicamente, mejora la calidad de todo lo que hacen. Nota: al igual que su equipo senior, sus jugadores j\u00f3venes no son grandes.<\/p>\n<p>Todo lo que hacen gira en torno a su sistema y filosof\u00eda de juego del equipo senior. Hay un sistema, una filosof\u00eda, una cultura. \u00a1FCB comienza a implementarlo en U-7! Siga los enlaces a<\/p>\n<p><a href=\"https:\/\/beachsidesoccer.org\/wp-content\/uploads\/2016\/07\/Barcelona.pdf\" target=\"_blank\" rel=\"noopener noreferrer\">Lea un art\u00edculo completo sobre nuestra visita.<\/a><\/p>\n<p><a href=\"http:\/\/news.bbc.co.uk\/sport2\/hi\/football\/europe\/9393966.stm\" target=\"_blank\" rel=\"noopener noreferrer\">Lea un interesante art\u00edculo de la BBC sobre el programa FCB.<\/a><\/p>","protected":false},"excerpt":{"rendered":"<p>From February 12 \u2013 21, 2011 Coach Allan Zuniga and I traveled to Barcelona, Spain to observe the Football Club Barcelona (FCB) youth system and training methods. FCB is considered &hellip; <a href=\"https:\/\/beachsidesoccer.org\/es\/fc-barcelona\/\" class=\"more-link\">Continue reading <span class=\"screen-reader-text\">Nuestra visita al FC Barcelona<\/span><\/a><\/p>","protected":false},"author":3,"featured_media":0,"parent":0,"menu_order":0,"comment_status":"closed","ping_status":"closed","template":"page-basic.php","meta":{"_acf_changed":false,"footnotes":""},"class_list":["post-2369","page","type-page","status-publish","hentry"],"acf":[],"yoast_head":"<!-- This site is optimized with the Yoast SEO plugin v27.4 - https:\/\/yoast.com\/product\/yoast-seo-wordpress\/ -->\n<title>Our Visit to FC Barcelona - Beachside Soccer<\/title>\n<meta name=\"description\" content=\"Coach Allan Zuniga and I traveled to Barcelona, Spain to observe the Football Club Barcelona (FCB) youth system and training methods.\" \/>\n<meta name=\"robots\" content=\"index, follow, max-snippet:-1, max-image-preview:large, max-video-preview:-1\" \/>\n<link rel=\"canonical\" href=\"https:\/\/beachsidesoccer.org\/es\/fc-barcelona\/\" \/>\n<meta property=\"og:locale\" content=\"es_MX\" \/>\n<meta property=\"og:type\" content=\"article\" \/>\n<meta property=\"og:title\" content=\"Our Visit to FC Barcelona - Beachside Soccer\" \/>\n<meta property=\"og:description\" content=\"Coach Allan Zuniga and I traveled to Barcelona, Spain to observe the Football Club Barcelona (FCB) youth system and training methods.\" \/>\n<meta property=\"og:url\" content=\"https:\/\/beachsidesoccer.org\/es\/fc-barcelona\/\" \/>\n<meta property=\"og:site_name\" content=\"Beachside Soccer\" \/>\n<meta property=\"article:modified_time\" content=\"2020-11-24T05:31:15+00:00\" \/>\n<meta property=\"og:image\" content=\"https:\/\/beachsidesoccer.org\/wp-content\/uploads\/2016\/07\/Mickey-U9-U10_Players.lr_.jpg\" \/>\n<meta name=\"twitter:card\" content=\"summary_large_image\" \/>\n<meta name=\"twitter:label1\" content=\"Tiempo de lectura\" \/>\n\t<meta name=\"twitter:data1\" content=\"1 minuto\" \/>\n<script type=\"application\/ld+json\" class=\"yoast-schema-graph\">{\"@context\":\"https:\\\/\\\/schema.org\",\"@graph\":[{\"@type\":\"WebPage\",\"@id\":\"https:\\\/\\\/beachsidesoccer.org\\\/fc-barcelona\\\/\",\"url\":\"https:\\\/\\\/beachsidesoccer.org\\\/fc-barcelona\\\/\",\"name\":\"Our Visit to FC Barcelona - Beachside Soccer\",\"isPartOf\":{\"@id\":\"https:\\\/\\\/beachsidesoccer.org\\\/#website\"},\"primaryImageOfPage\":{\"@id\":\"https:\\\/\\\/beachsidesoccer.org\\\/fc-barcelona\\\/#primaryimage\"},\"image\":{\"@id\":\"https:\\\/\\\/beachsidesoccer.org\\\/fc-barcelona\\\/#primaryimage\"},\"thumbnailUrl\":\"https:\\\/\\\/beachsidesoccer.org\\\/wp-content\\\/uploads\\\/2016\\\/07\\\/Mickey-U9-U10_Players.lr_.jpg\",\"datePublished\":\"2016-07-03T15:18:19+00:00\",\"dateModified\":\"2020-11-24T05:31:15+00:00\",\"description\":\"Coach Allan Zuniga and I traveled to Barcelona, Spain to observe the Football Club Barcelona (FCB) youth system and training methods.\",\"breadcrumb\":{\"@id\":\"https:\\\/\\\/beachsidesoccer.org\\\/fc-barcelona\\\/#breadcrumb\"},\"inLanguage\":\"es\",\"potentialAction\":[{\"@type\":\"ReadAction\",\"target\":[\"https:\\\/\\\/beachsidesoccer.org\\\/fc-barcelona\\\/\"]}]},{\"@type\":\"ImageObject\",\"inLanguage\":\"es\",\"@id\":\"https:\\\/\\\/beachsidesoccer.org\\\/fc-barcelona\\\/#primaryimage\",\"url\":\"https:\\\/\\\/beachsidesoccer.org\\\/wp-content\\\/uploads\\\/2016\\\/07\\\/Mickey-U9-U10_Players.lr_.jpg\",\"contentUrl\":\"https:\\\/\\\/beachsidesoccer.org\\\/wp-content\\\/uploads\\\/2016\\\/07\\\/Mickey-U9-U10_Players.lr_.jpg\"},{\"@type\":\"BreadcrumbList\",\"@id\":\"https:\\\/\\\/beachsidesoccer.org\\\/fc-barcelona\\\/#breadcrumb\",\"itemListElement\":[{\"@type\":\"ListItem\",\"position\":1,\"name\":\"Home\",\"item\":\"https:\\\/\\\/beachsidesoccer.org\\\/\"},{\"@type\":\"ListItem\",\"position\":2,\"name\":\"Our Visit to FC Barcelona\"}]},{\"@type\":\"WebSite\",\"@id\":\"https:\\\/\\\/beachsidesoccer.org\\\/#website\",\"url\":\"https:\\\/\\\/beachsidesoccer.org\\\/\",\"name\":\"Beachside Soccer\",\"description\":\"\",\"publisher\":{\"@id\":\"https:\\\/\\\/beachsidesoccer.org\\\/#organization\"},\"potentialAction\":[{\"@type\":\"SearchAction\",\"target\":{\"@type\":\"EntryPoint\",\"urlTemplate\":\"https:\\\/\\\/beachsidesoccer.org\\\/?s={search_term_string}\"},\"query-input\":{\"@type\":\"PropertyValueSpecification\",\"valueRequired\":true,\"valueName\":\"search_term_string\"}}],\"inLanguage\":\"es\"},{\"@type\":\"Organization\",\"@id\":\"https:\\\/\\\/beachsidesoccer.org\\\/#organization\",\"name\":\"Beachside Soccer Club\",\"url\":\"https:\\\/\\\/beachsidesoccer.org\\\/\",\"logo\":{\"@type\":\"ImageObject\",\"inLanguage\":\"es\",\"@id\":\"https:\\\/\\\/beachsidesoccer.org\\\/#\\\/schema\\\/logo\\\/image\\\/\",\"url\":\"https:\\\/\\\/beachsidesoccer.org\\\/wp-content\\\/uploads\\\/2016\\\/06\\\/beachside-bright-logo_small.jpg\",\"contentUrl\":\"https:\\\/\\\/beachsidesoccer.org\\\/wp-content\\\/uploads\\\/2016\\\/06\\\/beachside-bright-logo_small.jpg\",\"width\":144,\"height\":179,\"caption\":\"Beachside Soccer Club\"},\"image\":{\"@id\":\"https:\\\/\\\/beachsidesoccer.org\\\/#\\\/schema\\\/logo\\\/image\\\/\"}}]}<\/script>\n<!-- \/ Yoast SEO plugin. -->","yoast_head_json":{"title":"Our Visit to FC Barcelona - Beachside Soccer","description":"Coach Allan Zuniga and I traveled to Barcelona, Spain to observe the Football Club Barcelona (FCB) youth system and training methods.","robots":{"index":"index","follow":"follow","max-snippet":"max-snippet:-1","max-image-preview":"max-image-preview:large","max-video-preview":"max-video-preview:-1"},"canonical":"https:\/\/beachsidesoccer.org\/es\/fc-barcelona\/","og_locale":"es_MX","og_type":"article","og_title":"Our Visit to FC Barcelona - Beachside Soccer","og_description":"Coach Allan Zuniga and I traveled to Barcelona, Spain to observe the Football Club Barcelona (FCB) youth system and training methods.","og_url":"https:\/\/beachsidesoccer.org\/es\/fc-barcelona\/","og_site_name":"Beachside Soccer","article_modified_time":"2020-11-24T05:31:15+00:00","og_image":[{"url":"https:\/\/beachsidesoccer.org\/wp-content\/uploads\/2016\/07\/Mickey-U9-U10_Players.lr_.jpg","type":"","width":"","height":""}],"twitter_card":"summary_large_image","twitter_misc":{"Tiempo de lectura":"1 minuto"},"schema":{"@context":"https:\/\/schema.org","@graph":[{"@type":"WebPage","@id":"https:\/\/beachsidesoccer.org\/fc-barcelona\/","url":"https:\/\/beachsidesoccer.org\/fc-barcelona\/","name":"Our Visit to FC Barcelona - Beachside Soccer","isPartOf":{"@id":"https:\/\/beachsidesoccer.org\/#website"},"primaryImageOfPage":{"@id":"https:\/\/beachsidesoccer.org\/fc-barcelona\/#primaryimage"},"image":{"@id":"https:\/\/beachsidesoccer.org\/fc-barcelona\/#primaryimage"},"thumbnailUrl":"https:\/\/beachsidesoccer.org\/wp-content\/uploads\/2016\/07\/Mickey-U9-U10_Players.lr_.jpg","datePublished":"2016-07-03T15:18:19+00:00","dateModified":"2020-11-24T05:31:15+00:00","description":"Coach Allan Zuniga and I traveled to Barcelona, Spain to observe the Football Club Barcelona (FCB) youth system and training methods.","breadcrumb":{"@id":"https:\/\/beachsidesoccer.org\/fc-barcelona\/#breadcrumb"},"inLanguage":"es","potentialAction":[{"@type":"ReadAction","target":["https:\/\/beachsidesoccer.org\/fc-barcelona\/"]}]},{"@type":"ImageObject","inLanguage":"es","@id":"https:\/\/beachsidesoccer.org\/fc-barcelona\/#primaryimage","url":"https:\/\/beachsidesoccer.org\/wp-content\/uploads\/2016\/07\/Mickey-U9-U10_Players.lr_.jpg","contentUrl":"https:\/\/beachsidesoccer.org\/wp-content\/uploads\/2016\/07\/Mickey-U9-U10_Players.lr_.jpg"},{"@type":"BreadcrumbList","@id":"https:\/\/beachsidesoccer.org\/fc-barcelona\/#breadcrumb","itemListElement":[{"@type":"ListItem","position":1,"name":"Home","item":"https:\/\/beachsidesoccer.org\/"},{"@type":"ListItem","position":2,"name":"Our Visit to FC Barcelona"}]},{"@type":"WebSite","@id":"https:\/\/beachsidesoccer.org\/#website","url":"https:\/\/beachsidesoccer.org\/","name":"F\u00fatbol junto a la playa","description":"","publisher":{"@id":"https:\/\/beachsidesoccer.org\/#organization"},"potentialAction":[{"@type":"SearchAction","target":{"@type":"EntryPoint","urlTemplate":"https:\/\/beachsidesoccer.org\/?s={search_term_string}"},"query-input":{"@type":"PropertyValueSpecification","valueRequired":true,"valueName":"search_term_string"}}],"inLanguage":"es"},{"@type":"Organization","@id":"https:\/\/beachsidesoccer.org\/#organization","name":"Club de f\u00fatbol junto a la playa","url":"https:\/\/beachsidesoccer.org\/","logo":{"@type":"ImageObject","inLanguage":"es","@id":"https:\/\/beachsidesoccer.org\/#\/schema\/logo\/image\/","url":"https:\/\/beachsidesoccer.org\/wp-content\/uploads\/2016\/06\/beachside-bright-logo_small.jpg","contentUrl":"https:\/\/beachsidesoccer.org\/wp-content\/uploads\/2016\/06\/beachside-bright-logo_small.jpg","width":144,"height":179,"caption":"Beachside Soccer Club"},"image":{"@id":"https:\/\/beachsidesoccer.org\/#\/schema\/logo\/image\/"}}]}},"_links":{"self":[{"href":"https:\/\/beachsidesoccer.org\/es\/wp-json\/wp\/v2\/pages\/2369","targetHints":{"allow":["GET"]}}],"collection":[{"href":"https:\/\/beachsidesoccer.org\/es\/wp-json\/wp\/v2\/pages"}],"about":[{"href":"https:\/\/beachsidesoccer.org\/es\/wp-json\/wp\/v2\/types\/page"}],"author":[{"embeddable":true,"href":"https:\/\/beachsidesoccer.org\/es\/wp-json\/wp\/v2\/users\/3"}],"replies":[{"embeddable":true,"href":"https:\/\/beachsidesoccer.org\/es\/wp-json\/wp\/v2\/comments?post=2369"}],"version-history":[{"count":0,"href":"https:\/\/beachsidesoccer.org\/es\/wp-json\/wp\/v2\/pages\/2369\/revisions"}],"wp:attachment":[{"href":"https:\/\/beachsidesoccer.org\/es\/wp-json\/wp\/v2\/media?parent=2369"}],"curies":[{"name":"wp","href":"https:\/\/api.w.org\/{rel}","templated":true}]}}