{"id":16812,"date":"2018-03-29T12:42:26","date_gmt":"2018-03-29T16:42:26","guid":{"rendered":"https:\/\/beachsidesoccer.org\/?page_id=16812"},"modified":"2022-06-18T01:26:21","modified_gmt":"2022-06-18T05:26:21","slug":"our-players","status":"publish","type":"page","link":"https:\/\/beachsidesoccer.org\/es\/our-players\/","title":{"rendered":"Nuestros Jugadores"},"content":{"rendered":"<div data-elementor-type=\"wp-page\" data-elementor-id=\"16812\" class=\"elementor elementor-16812\" data-elementor-post-type=\"page\">\n\t\t\t\t\t\t<section class=\"elementor-section elementor-top-section elementor-element elementor-element-1df41c0e elementor-section-boxed elementor-section-height-default elementor-section-height-default\" data-id=\"1df41c0e\" data-element_type=\"section\" data-e-type=\"section\">\n\t\t\t\t\t\t<div class=\"elementor-container elementor-column-gap-default\">\n\t\t\t\t\t<div class=\"elementor-column elementor-col-100 elementor-top-column elementor-element elementor-element-6117b18\" data-id=\"6117b18\" data-element_type=\"column\" data-e-type=\"column\">\n\t\t\t<div class=\"elementor-widget-wrap elementor-element-populated\">\n\t\t\t\t\t\t<div class=\"elementor-element elementor-element-8899566 elementor-widget elementor-widget-text-editor\" data-id=\"8899566\" data-element_type=\"widget\" data-e-type=\"widget\" data-widget_type=\"text-editor.default\">\n\t\t\t\t<div class=\"elementor-widget-container\">\n\t\t\t\t\t\t\t\t\t<p>La base de la filosof\u00eda del f\u00fatbol Beachside es nuestro entorno estructurado, disciplinado y estable donde el compromiso, los valores personales y los principios son la prioridad.<\/p><p>Nos enfocamos en cuatro \u00e1reas principales: desarrollo del car\u00e1cter, dominio t\u00e9cnico con aplicaci\u00f3n t\u00e1ctica (inteligencia futbol\u00edstica) y juego creativo. Trabajando en asociaci\u00f3n con los padres, brindamos la oportunidad de desarrollar el car\u00e1cter, preparar a los jugadores para las presiones de jugar en los niveles m\u00e1s altos del f\u00fatbol en los Estados Unidos y para la vida m\u00e1s all\u00e1. Nos enfocamos en el dominio t\u00e9cnico y su aplicaci\u00f3n t\u00e1ctica, para formar pensadores independientes con s\u00f3lidas habilidades para la toma de decisiones y la resoluci\u00f3n de problemas.<\/p><p>En Beachside, nuestro enfoque es un proceso de desarrollo a largo plazo, donde la paciencia, la justicia, el equilibrio y el apoyo son importantes. Nuestro objetivo es brindar a los ni\u00f1os peque\u00f1os una educaci\u00f3n que vaya m\u00e1s all\u00e1 de las t\u00e9cnicas y t\u00e1cticas del f\u00fatbol; ayuda a que sean buenas personas, con valores s\u00f3lidos. No nos definen victorias, goles, campeonatos, etc., nos define el impacto que dejamos en las personas que dura toda la vida.<\/p>\t\t\t\t\t\t\t\t<\/div>\n\t\t\t\t<\/div>\n\t\t\t\t\t<\/div>\n\t\t<\/div>\n\t\t\t\t\t<\/div>\n\t\t<\/section>\n\t\t\t\t<section class=\"elementor-section elementor-top-section elementor-element elementor-element-12659b6e elementor-section-boxed elementor-section-height-default elementor-section-height-default\" data-id=\"12659b6e\" data-element_type=\"section\" data-e-type=\"section\">\n\t\t\t\t\t\t<div class=\"elementor-container elementor-column-gap-default\">\n\t\t\t\t\t<div class=\"elementor-column elementor-col-100 elementor-top-column elementor-element elementor-element-5e01c2d3\" data-id=\"5e01c2d3\" data-element_type=\"column\" data-e-type=\"column\">\n\t\t\t<div class=\"elementor-widget-wrap elementor-element-populated\">\n\t\t\t\t\t\t<div class=\"elementor-element elementor-element-476fa581 elementor-widget elementor-widget-accordion\" data-id=\"476fa581\" data-element_type=\"widget\" data-e-type=\"widget\" data-widget_type=\"accordion.default\">\n\t\t\t\t<div class=\"elementor-widget-container\">\n\t\t\t\t\t\t\t<div class=\"elementor-accordion\">\n\t\t\t\t\t\t\t<div class=\"elementor-accordion-item\">\n\t\t\t\t\t<div id=\"elementor-tab-title-1191\" class=\"elementor-tab-title\" data-tab=\"1\" role=\"button\" aria-controls=\"elementor-tab-content-1191\" aria-expanded=\"false\">\n\t\t\t\t\t\t\t\t\t\t\t\t<a class=\"elementor-accordion-title\" tabindex=\"0\">Equipos MLS NEXT<\/a>\n\t\t\t\t\t<\/div>\n\t\t\t\t\t<div id=\"elementor-tab-content-1191\" class=\"elementor-tab-content elementor-clearfix\" data-tab=\"1\" role=\"region\" aria-labelledby=\"elementor-tab-title-1191\"><p>u18-19 mls next (2004-05)<\/p><hr style=\"border-top: 1px dotted #EFA401; margin: 10px 0 12px 0;\" \/><p>u17 mls next (2006)<\/p><hr style=\"border-top: 1px dotted #EFA401; margin: 10px 0 12px 0;\" \/><p>u16 mls next (2007)<\/p><hr style=\"border-top: 1px dotted #EFA401; margin: 10px 0 12px 0;\" \/><p>u15 mls next (2008)<\/p><hr style=\"border-top: 1px dotted #EFA401; margin: 10px 0 12px 0;\" \/><p>u14 mls next (2009)<\/p><hr style=\"border-top: 1px dotted #EFA401; margin: 10px 0 12px 0;\" \/><p>u13 mls next (2010)<\/p><\/div>\n\t\t\t\t<\/div>\n\t\t\t\t\t\t\t<div class=\"elementor-accordion-item\">\n\t\t\t\t\t<div id=\"elementor-tab-title-1192\" class=\"elementor-tab-title\" data-tab=\"2\" role=\"button\" aria-controls=\"elementor-tab-content-1192\" aria-expanded=\"false\">\n\t\t\t\t\t\t\t\t\t\t\t\t<a class=\"elementor-accordion-title\" tabindex=\"0\">Northeast Academy Teams<\/a>\n\t\t\t\t\t<\/div>\n\t\t\t\t\t<div id=\"elementor-tab-content-1192\" class=\"elementor-tab-content elementor-clearfix\" data-tab=\"2\" role=\"region\" aria-labelledby=\"elementor-tab-title-1192\"><p>u18-19 NEAL &#8211; High School (2004-05)<\/p><hr style=\"border-top: 1px dotted #EFA401; margin: 10px 0 12px 0;\" \/><p>u17 NEAL &#8211; High School (2006)<\/p><hr style=\"border-top: 1px dotted #EFA401; margin: 10px 0 12px 0;\" \/><p>u16 NEAL &#8211; High School (2007)<\/p><hr style=\"border-top: 1px dotted #EFA401; margin: 10px 0 12px 0;\" \/><p>u15 NEAL &#8211; High School (2008)<\/p><hr style=\"border-top: 1px dotted #EFA401; margin: 10px 0 12px 0;\" \/><p>u14 NEAL (2009)<\/p><hr style=\"border-top: 1px dotted #EFA401; margin: 10px 0 12px 0;\" \/><p>u13 NEAL (2010)<\/p><\/div>\n\t\t\t\t<\/div>\n\t\t\t\t\t\t\t<div class=\"elementor-accordion-item\">\n\t\t\t\t\t<div id=\"elementor-tab-title-1193\" class=\"elementor-tab-title\" data-tab=\"3\" role=\"button\" aria-controls=\"elementor-tab-content-1193\" aria-expanded=\"false\">\n\t\t\t\t\t\t\t\t\t\t\t\t<a class=\"elementor-accordion-title\" tabindex=\"0\">South & North MLS teams<\/a>\n\t\t\t\t\t<\/div>\n\t\t\t\t\t<div id=\"elementor-tab-content-1193\" class=\"elementor-tab-content elementor-clearfix\" data-tab=\"3\" role=\"region\" aria-labelledby=\"elementor-tab-title-1193\"><p>u12 MLS South (2011)<\/p><p>u11 MLS south (2012)<\/p><hr style=\"border-top: 1px dotted #EFA401; margin: 10px 0 12px 0;\" \/><p>u12 MLS north (2011)<\/p><p>u11 MLS north I(2012)<\/p><\/div>\n\t\t\t\t<\/div>\n\t\t\t\t\t\t\t\t<\/div>\n\t\t\t\t\t\t<\/div>\n\t\t\t\t<\/div>\n\t\t\t\t\t<\/div>\n\t\t<\/div>\n\t\t\t\t\t<\/div>\n\t\t<\/section>\n\t\t\t\t<\/div>","protected":false},"excerpt":{"rendered":"<p>The foundation of the Beachside soccer philosophy is our structured, disciplined and stable environment where commitment, personal values, and principles are the priority. We focus on four major areas: Character &hellip; <a href=\"https:\/\/beachsidesoccer.org\/es\/our-players\/\" class=\"more-link\">Continue reading <span class=\"screen-reader-text\">Nuestros Jugadores<\/span><\/a><\/p>","protected":false},"author":3,"featured_media":27078,"parent":0,"menu_order":1,"comment_status":"closed","ping_status":"closed","template":"page-basic.php","meta":{"_acf_changed":false,"footnotes":""},"class_list":["post-16812","page","type-page","status-publish","has-post-thumbnail","hentry"],"acf":[],"yoast_head":"<!-- This site is optimized with the Yoast SEO plugin v27.4 - https:\/\/yoast.com\/product\/yoast-seo-wordpress\/ -->\n<title>Our Players - Beachside Soccer<\/title>\n<meta name=\"robots\" content=\"index, follow, max-snippet:-1, max-image-preview:large, max-video-preview:-1\" \/>\n<link rel=\"canonical\" href=\"https:\/\/beachsidesoccer.org\/es\/our-players\/\" \/>\n<meta property=\"og:locale\" content=\"es_MX\" \/>\n<meta property=\"og:type\" content=\"article\" \/>\n<meta property=\"og:title\" content=\"Our Players - Beachside Soccer\" \/>\n<meta property=\"og:description\" content=\"The foundation of the Beachside soccer philosophy is our structured, disciplined and stable environment where commitment, personal values, and principles are the priority. We focus on four major areas: Character &hellip; Continue reading Our Players\" \/>\n<meta property=\"og:url\" content=\"https:\/\/beachsidesoccer.org\/es\/our-players\/\" \/>\n<meta property=\"og:site_name\" content=\"Beachside Soccer\" \/>\n<meta property=\"article:modified_time\" content=\"2022-06-18T05:26:21+00:00\" \/>\n<meta property=\"og:image\" content=\"https:\/\/beachsidesoccer.org\/wp-content\/uploads\/2021\/03\/Our-Players-1.jpg\" \/>\n\t<meta property=\"og:image:width\" content=\"1800\" \/>\n\t<meta property=\"og:image:height\" content=\"650\" \/>\n\t<meta property=\"og:image:type\" content=\"image\/jpeg\" \/>\n<meta name=\"twitter:card\" content=\"summary_large_image\" \/>\n<meta name=\"twitter:label1\" content=\"Tiempo de lectura\" \/>\n\t<meta name=\"twitter:data1\" content=\"2 minutos\" \/>\n<script type=\"application\/ld+json\" class=\"yoast-schema-graph\">{\"@context\":\"https:\\\/\\\/schema.org\",\"@graph\":[{\"@type\":\"WebPage\",\"@id\":\"https:\\\/\\\/beachsidesoccer.org\\\/our-players\\\/\",\"url\":\"https:\\\/\\\/beachsidesoccer.org\\\/our-players\\\/\",\"name\":\"Our Players - Beachside Soccer\",\"isPartOf\":{\"@id\":\"https:\\\/\\\/beachsidesoccer.org\\\/#website\"},\"primaryImageOfPage\":{\"@id\":\"https:\\\/\\\/beachsidesoccer.org\\\/our-players\\\/#primaryimage\"},\"image\":{\"@id\":\"https:\\\/\\\/beachsidesoccer.org\\\/our-players\\\/#primaryimage\"},\"thumbnailUrl\":\"https:\\\/\\\/beachsidesoccer.org\\\/wp-content\\\/uploads\\\/2021\\\/03\\\/Our-Players-1.jpg\",\"datePublished\":\"2018-03-29T16:42:26+00:00\",\"dateModified\":\"2022-06-18T05:26:21+00:00\",\"breadcrumb\":{\"@id\":\"https:\\\/\\\/beachsidesoccer.org\\\/our-players\\\/#breadcrumb\"},\"inLanguage\":\"es\",\"potentialAction\":[{\"@type\":\"ReadAction\",\"target\":[\"https:\\\/\\\/beachsidesoccer.org\\\/our-players\\\/\"]}]},{\"@type\":\"ImageObject\",\"inLanguage\":\"es\",\"@id\":\"https:\\\/\\\/beachsidesoccer.org\\\/our-players\\\/#primaryimage\",\"url\":\"https:\\\/\\\/beachsidesoccer.org\\\/wp-content\\\/uploads\\\/2021\\\/03\\\/Our-Players-1.jpg\",\"contentUrl\":\"https:\\\/\\\/beachsidesoccer.org\\\/wp-content\\\/uploads\\\/2021\\\/03\\\/Our-Players-1.jpg\",\"width\":1800,\"height\":650},{\"@type\":\"BreadcrumbList\",\"@id\":\"https:\\\/\\\/beachsidesoccer.org\\\/our-players\\\/#breadcrumb\",\"itemListElement\":[{\"@type\":\"ListItem\",\"position\":1,\"name\":\"Home\",\"item\":\"https:\\\/\\\/beachsidesoccer.org\\\/\"},{\"@type\":\"ListItem\",\"position\":2,\"name\":\"Our Players\"}]},{\"@type\":\"WebSite\",\"@id\":\"https:\\\/\\\/beachsidesoccer.org\\\/#website\",\"url\":\"https:\\\/\\\/beachsidesoccer.org\\\/\",\"name\":\"Beachside Soccer\",\"description\":\"\",\"publisher\":{\"@id\":\"https:\\\/\\\/beachsidesoccer.org\\\/#organization\"},\"potentialAction\":[{\"@type\":\"SearchAction\",\"target\":{\"@type\":\"EntryPoint\",\"urlTemplate\":\"https:\\\/\\\/beachsidesoccer.org\\\/?s={search_term_string}\"},\"query-input\":{\"@type\":\"PropertyValueSpecification\",\"valueRequired\":true,\"valueName\":\"search_term_string\"}}],\"inLanguage\":\"es\"},{\"@type\":\"Organization\",\"@id\":\"https:\\\/\\\/beachsidesoccer.org\\\/#organization\",\"name\":\"Beachside Soccer Club\",\"url\":\"https:\\\/\\\/beachsidesoccer.org\\\/\",\"logo\":{\"@type\":\"ImageObject\",\"inLanguage\":\"es\",\"@id\":\"https:\\\/\\\/beachsidesoccer.org\\\/#\\\/schema\\\/logo\\\/image\\\/\",\"url\":\"https:\\\/\\\/beachsidesoccer.org\\\/wp-content\\\/uploads\\\/2016\\\/06\\\/beachside-bright-logo_small.jpg\",\"contentUrl\":\"https:\\\/\\\/beachsidesoccer.org\\\/wp-content\\\/uploads\\\/2016\\\/06\\\/beachside-bright-logo_small.jpg\",\"width\":144,\"height\":179,\"caption\":\"Beachside Soccer Club\"},\"image\":{\"@id\":\"https:\\\/\\\/beachsidesoccer.org\\\/#\\\/schema\\\/logo\\\/image\\\/\"}}]}<\/script>\n<!-- \/ Yoast SEO plugin. -->","yoast_head_json":{"title":"Our Players - Beachside Soccer","robots":{"index":"index","follow":"follow","max-snippet":"max-snippet:-1","max-image-preview":"max-image-preview:large","max-video-preview":"max-video-preview:-1"},"canonical":"https:\/\/beachsidesoccer.org\/es\/our-players\/","og_locale":"es_MX","og_type":"article","og_title":"Our Players - Beachside Soccer","og_description":"The foundation of the Beachside soccer philosophy is our structured, disciplined and stable environment where commitment, personal values, and principles are the priority. We focus on four major areas: Character &hellip; Continue reading Our Players","og_url":"https:\/\/beachsidesoccer.org\/es\/our-players\/","og_site_name":"Beachside Soccer","article_modified_time":"2022-06-18T05:26:21+00:00","og_image":[{"width":1800,"height":650,"url":"https:\/\/beachsidesoccer.org\/wp-content\/uploads\/2021\/03\/Our-Players-1.jpg","type":"image\/jpeg"}],"twitter_card":"summary_large_image","twitter_misc":{"Tiempo de lectura":"2 minutos"},"schema":{"@context":"https:\/\/schema.org","@graph":[{"@type":"WebPage","@id":"https:\/\/beachsidesoccer.org\/our-players\/","url":"https:\/\/beachsidesoccer.org\/our-players\/","name":"Our Players - Beachside Soccer","isPartOf":{"@id":"https:\/\/beachsidesoccer.org\/#website"},"primaryImageOfPage":{"@id":"https:\/\/beachsidesoccer.org\/our-players\/#primaryimage"},"image":{"@id":"https:\/\/beachsidesoccer.org\/our-players\/#primaryimage"},"thumbnailUrl":"https:\/\/beachsidesoccer.org\/wp-content\/uploads\/2021\/03\/Our-Players-1.jpg","datePublished":"2018-03-29T16:42:26+00:00","dateModified":"2022-06-18T05:26:21+00:00","breadcrumb":{"@id":"https:\/\/beachsidesoccer.org\/our-players\/#breadcrumb"},"inLanguage":"es","potentialAction":[{"@type":"ReadAction","target":["https:\/\/beachsidesoccer.org\/our-players\/"]}]},{"@type":"ImageObject","inLanguage":"es","@id":"https:\/\/beachsidesoccer.org\/our-players\/#primaryimage","url":"https:\/\/beachsidesoccer.org\/wp-content\/uploads\/2021\/03\/Our-Players-1.jpg","contentUrl":"https:\/\/beachsidesoccer.org\/wp-content\/uploads\/2021\/03\/Our-Players-1.jpg","width":1800,"height":650},{"@type":"BreadcrumbList","@id":"https:\/\/beachsidesoccer.org\/our-players\/#breadcrumb","itemListElement":[{"@type":"ListItem","position":1,"name":"Home","item":"https:\/\/beachsidesoccer.org\/"},{"@type":"ListItem","position":2,"name":"Our Players"}]},{"@type":"WebSite","@id":"https:\/\/beachsidesoccer.org\/#website","url":"https:\/\/beachsidesoccer.org\/","name":"F\u00fatbol junto a la playa","description":"","publisher":{"@id":"https:\/\/beachsidesoccer.org\/#organization"},"potentialAction":[{"@type":"SearchAction","target":{"@type":"EntryPoint","urlTemplate":"https:\/\/beachsidesoccer.org\/?s={search_term_string}"},"query-input":{"@type":"PropertyValueSpecification","valueRequired":true,"valueName":"search_term_string"}}],"inLanguage":"es"},{"@type":"Organization","@id":"https:\/\/beachsidesoccer.org\/#organization","name":"Club de f\u00fatbol junto a la playa","url":"https:\/\/beachsidesoccer.org\/","logo":{"@type":"ImageObject","inLanguage":"es","@id":"https:\/\/beachsidesoccer.org\/#\/schema\/logo\/image\/","url":"https:\/\/beachsidesoccer.org\/wp-content\/uploads\/2016\/06\/beachside-bright-logo_small.jpg","contentUrl":"https:\/\/beachsidesoccer.org\/wp-content\/uploads\/2016\/06\/beachside-bright-logo_small.jpg","width":144,"height":179,"caption":"Beachside Soccer Club"},"image":{"@id":"https:\/\/beachsidesoccer.org\/#\/schema\/logo\/image\/"}}]}},"_links":{"self":[{"href":"https:\/\/beachsidesoccer.org\/es\/wp-json\/wp\/v2\/pages\/16812","targetHints":{"allow":["GET"]}}],"collection":[{"href":"https:\/\/beachsidesoccer.org\/es\/wp-json\/wp\/v2\/pages"}],"about":[{"href":"https:\/\/beachsidesoccer.org\/es\/wp-json\/wp\/v2\/types\/page"}],"author":[{"embeddable":true,"href":"https:\/\/beachsidesoccer.org\/es\/wp-json\/wp\/v2\/users\/3"}],"replies":[{"embeddable":true,"href":"https:\/\/beachsidesoccer.org\/es\/wp-json\/wp\/v2\/comments?post=16812"}],"version-history":[{"count":0,"href":"https:\/\/beachsidesoccer.org\/es\/wp-json\/wp\/v2\/pages\/16812\/revisions"}],"wp:featuredmedia":[{"embeddable":true,"href":"https:\/\/beachsidesoccer.org\/es\/wp-json\/wp\/v2\/media\/27078"}],"wp:attachment":[{"href":"https:\/\/beachsidesoccer.org\/es\/wp-json\/wp\/v2\/media?parent=16812"}],"curies":[{"name":"wp","href":"https:\/\/api.w.org\/{rel}","templated":true}]}}