{"id":16807,"date":"2018-03-29T12:40:37","date_gmt":"2018-03-29T16:40:37","guid":{"rendered":"https:\/\/beachsidesoccer.org\/?page_id=16807"},"modified":"2021-02-12T13:59:19","modified_gmt":"2021-02-12T18:59:19","slug":"our-method","status":"publish","type":"page","link":"https:\/\/beachsidesoccer.org\/es\/our-method\/","title":{"rendered":"Nuestro M\u00e9todo"},"content":{"rendered":"<div data-elementor-type=\"wp-page\" data-elementor-id=\"16807\" class=\"elementor elementor-16807\" data-elementor-post-type=\"page\">\n\t\t\t\t\t\t<section class=\"elementor-section elementor-top-section elementor-element elementor-element-23d95ea elementor-section-boxed elementor-section-height-default elementor-section-height-default\" data-id=\"23d95ea\" data-element_type=\"section\" data-e-type=\"section\">\n\t\t\t\t\t\t<div class=\"elementor-container elementor-column-gap-default\">\n\t\t\t\t\t<div class=\"elementor-column elementor-col-100 elementor-top-column elementor-element elementor-element-013848f\" data-id=\"013848f\" data-element_type=\"column\" data-e-type=\"column\">\n\t\t\t<div class=\"elementor-widget-wrap elementor-element-populated\">\n\t\t\t\t\t\t<div class=\"elementor-element elementor-element-9c79b57 elementor-widget elementor-widget-text-editor\" data-id=\"9c79b57\" data-element_type=\"widget\" data-e-type=\"widget\" data-widget_type=\"text-editor.default\">\n\t\t\t\t<div class=\"elementor-widget-container\">\n\t\t\t\t\t\t\t\t\t<p>Nuestra metodolog\u00eda desarrolla la comprensi\u00f3n de cada jugador de su conexi\u00f3n con su equipo, con y sin bal\u00f3n. Este enfoque hol\u00edstico para el desarrollo del jugador promueve una perspectiva positiva y el crecimiento personal para que los jugadores puedan asumir la responsabilidad de su propio desarrollo. Si bien ganar es parte del proceso en nuestro club, fomentar y desarrollar una actitud ganadora y profesional es m\u00e1s importante.<\/p><p>La pr\u00e1ctica deliberada (repetici\u00f3n) est\u00e1 en el coraz\u00f3n de la cultura de aprendizaje de Beachside: no solo para desarrollar un alto nivel de t\u00e9cnica, sino tambi\u00e9n para las fortalezas personales que valoramos.<\/p><p>Nuestro prop\u00f3sito es brindar a todos los miembros una educaci\u00f3n futbol\u00edstica total. Esto incluye la educaci\u00f3n de los jugadores, entrenadores y padres; a trav\u00e9s de este proceso, esperamos ganarnos un compromiso total con nuestra filosof\u00eda.<\/p>\t\t\t\t\t\t\t\t<\/div>\n\t\t\t\t<\/div>\n\t\t\t\t\t<\/div>\n\t\t<\/div>\n\t\t\t\t\t<\/div>\n\t\t<\/section>\n\t\t\t\t<section class=\"elementor-section elementor-top-section elementor-element elementor-element-6b642f7e elementor-section-boxed elementor-section-height-default elementor-section-height-default\" data-id=\"6b642f7e\" data-element_type=\"section\" data-e-type=\"section\">\n\t\t\t\t\t\t<div class=\"elementor-container elementor-column-gap-default\">\n\t\t\t\t\t<div class=\"elementor-column elementor-col-100 elementor-top-column elementor-element elementor-element-38644c1f\" data-id=\"38644c1f\" data-element_type=\"column\" data-e-type=\"column\">\n\t\t\t<div class=\"elementor-widget-wrap elementor-element-populated\">\n\t\t\t\t\t\t<div class=\"elementor-element elementor-element-241763e1 elementor-widget elementor-widget-accordion\" data-id=\"241763e1\" data-element_type=\"widget\" data-e-type=\"widget\" data-widget_type=\"accordion.default\">\n\t\t\t\t<div class=\"elementor-widget-container\">\n\t\t\t\t\t\t\t<div class=\"elementor-accordion\">\n\t\t\t\t\t\t\t<div class=\"elementor-accordion-item\">\n\t\t\t\t\t<div id=\"elementor-tab-title-6051\" class=\"elementor-tab-title\" data-tab=\"1\" role=\"button\" aria-controls=\"elementor-tab-content-6051\" aria-expanded=\"false\">\n\t\t\t\t\t\t\t\t\t\t\t\t<a class=\"elementor-accordion-title\" tabindex=\"0\">PR\u00c1CTICAS DELIBERADAS \/ M\u00c9TODOS DE ENTRENAMIENTO CONSISTENTES<\/a>\n\t\t\t\t\t<\/div>\n\t\t\t\t\t<div id=\"elementor-tab-content-6051\" class=\"elementor-tab-content elementor-clearfix\" data-tab=\"1\" role=\"region\" aria-labelledby=\"elementor-tab-title-6051\">ACTIVIDADES ESTRUCTURADAS\n\n<hr style=\"border-top: 1px dotted #EFA401; margin: 10px 0 12px 0;\" \/>\n\nESFUERZO Y CONCENTRACI\u00d3N\n\n<hr style=\"border-top: 1px dotted #EFA401; margin: 10px 0 12px 0;\" \/>\n\nNO LLEVE A RECOMPENSAS INMEDIATAS\n\n<hr style=\"border-top: 1px dotted #EFA401; margin: 10px 0 12px 0;\" \/>\n\nNO SIEMPRE DIVERTIDO\n\n<hr style=\"border-top: 1px dotted #EFA401; margin: 10px 0 12px 0;\" \/>\n\n<strong>OBJETIVO A LARGO PLAZO: <span style=\"color: #ff0000;\">&#039;AUTOMATISMOS&#039;\n<\/span><\/strong>\n<br \/>\nH\u00e1bitos que se convierten en una segunda naturaleza, ADN del jugador, arraigados.<\/div>\n\t\t\t\t<\/div>\n\t\t\t\t\t\t\t\t<\/div>\n\t\t\t\t\t\t<\/div>\n\t\t\t\t<\/div>\n\t\t\t\t<div class=\"elementor-element elementor-element-0a81ffb elementor-widget elementor-widget-spacer\" data-id=\"0a81ffb\" data-element_type=\"widget\" data-e-type=\"widget\" data-widget_type=\"spacer.default\">\n\t\t\t\t<div class=\"elementor-widget-container\">\n\t\t\t\t\t\t\t<div class=\"elementor-spacer\">\n\t\t\t<div class=\"elementor-spacer-inner\"><\/div>\n\t\t<\/div>\n\t\t\t\t\t\t<\/div>\n\t\t\t\t<\/div>\n\t\t\t\t<div class=\"elementor-element elementor-element-a2b3832 elementor-blockquote--skin-border elementor-widget elementor-widget-blockquote\" data-id=\"a2b3832\" data-element_type=\"widget\" data-e-type=\"widget\" data-widget_type=\"blockquote.default\">\n\t\t\t\t<div class=\"elementor-widget-container\">\n\t\t\t\t\t\t\t<blockquote class=\"elementor-blockquote\">\n\t\t\t<p class=\"elementor-blockquote__content\">\n\t\t\t\t&quot;PARA HACER CUALQUIER M\u00c1S R\u00c1PIDO, M\u00c1S LARGO O MEJOR QUE CUALQUIERA EN EL MUNDO SE REQUIERE UNA SOLICITUD DE PROP\u00d3SITO, UNA INTENSA DEDICACI\u00d3N A LO PROPIO Y UNA FIRME RESISTENCIA AL ABURRIMIENTO DE HACER ESO UNA Y OTRA VEZ&quot;.\t\t\t<\/p>\n\t\t\t\t\t\t\t<div class=\"e-q-footer\">\n\t\t\t\t\t\t\t\t\t\t\t<cite class=\"elementor-blockquote__author\">\u2013Mark Spitz, nadador de clase mundial<\/cite>\n\t\t\t\t\t\t\t\t\t\t\t\t\t\t<\/div>\n\t\t\t\t\t<\/blockquote>\n\t\t\t\t\t\t<\/div>\n\t\t\t\t<\/div>\n\t\t\t\t<div class=\"elementor-element elementor-element-0821dda elementor-widget elementor-widget-spacer\" data-id=\"0821dda\" data-element_type=\"widget\" data-e-type=\"widget\" data-widget_type=\"spacer.default\">\n\t\t\t\t<div class=\"elementor-widget-container\">\n\t\t\t\t\t\t\t<div class=\"elementor-spacer\">\n\t\t\t<div class=\"elementor-spacer-inner\"><\/div>\n\t\t<\/div>\n\t\t\t\t\t\t<\/div>\n\t\t\t\t<\/div>\n\t\t\t\t\t<\/div>\n\t\t<\/div>\n\t\t\t\t\t<\/div>\n\t\t<\/section>\n\t\t\t\t<\/div>","protected":false},"excerpt":{"rendered":"<p>Our methodology develops each\u00a0player\u2019s understanding of his\/her connection to their team, with and without the ball. This holistic approach to player development promotes a positive outlook and personal growth so &hellip; <a href=\"https:\/\/beachsidesoccer.org\/es\/our-method\/\" class=\"more-link\">Continue reading <span class=\"screen-reader-text\">Nuestro M\u00e9todo<\/span><\/a><\/p>","protected":false},"author":3,"featured_media":0,"parent":0,"menu_order":3,"comment_status":"closed","ping_status":"closed","template":"page-basic.php","meta":{"_acf_changed":false,"footnotes":""},"class_list":["post-16807","page","type-page","status-publish","hentry"],"acf":[],"yoast_head":"<!-- This site is optimized with the Yoast SEO plugin v27.4 - https:\/\/yoast.com\/product\/yoast-seo-wordpress\/ -->\n<title>Our Method - Beachside Soccer<\/title>\n<meta name=\"robots\" content=\"index, follow, max-snippet:-1, max-image-preview:large, max-video-preview:-1\" \/>\n<link rel=\"canonical\" href=\"https:\/\/beachsidesoccer.org\/es\/our-coaches__trashed\/our-method\/\" \/>\n<meta property=\"og:locale\" content=\"es_MX\" \/>\n<meta property=\"og:type\" content=\"article\" \/>\n<meta property=\"og:title\" content=\"Our Method - Beachside Soccer\" \/>\n<meta property=\"og:description\" content=\"Our methodology develops each\u00a0player\u2019s understanding of his\/her connection to their team, with and without the ball. This holistic approach to player development promotes a positive outlook and personal growth so &hellip; Continue reading Our Method\" \/>\n<meta property=\"og:url\" content=\"https:\/\/beachsidesoccer.org\/es\/our-coaches__trashed\/our-method\/\" \/>\n<meta property=\"og:site_name\" content=\"Beachside Soccer\" \/>\n<meta property=\"article:modified_time\" content=\"2021-02-12T18:59:19+00:00\" \/>\n<meta name=\"twitter:card\" content=\"summary_large_image\" \/>\n<meta name=\"twitter:label1\" content=\"Tiempo de lectura\" \/>\n\t<meta name=\"twitter:data1\" content=\"1 minuto\" \/>\n<script type=\"application\/ld+json\" class=\"yoast-schema-graph\">{\"@context\":\"https:\\\/\\\/schema.org\",\"@graph\":[{\"@type\":\"WebPage\",\"@id\":\"https:\\\/\\\/beachsidesoccer.org\\\/our-coaches__trashed\\\/our-method\\\/\",\"url\":\"https:\\\/\\\/beachsidesoccer.org\\\/our-coaches__trashed\\\/our-method\\\/\",\"name\":\"Our Method - Beachside Soccer\",\"isPartOf\":{\"@id\":\"https:\\\/\\\/beachsidesoccer.org\\\/#website\"},\"datePublished\":\"2018-03-29T16:40:37+00:00\",\"dateModified\":\"2021-02-12T18:59:19+00:00\",\"breadcrumb\":{\"@id\":\"https:\\\/\\\/beachsidesoccer.org\\\/our-coaches__trashed\\\/our-method\\\/#breadcrumb\"},\"inLanguage\":\"es\",\"potentialAction\":[{\"@type\":\"ReadAction\",\"target\":[\"https:\\\/\\\/beachsidesoccer.org\\\/our-coaches__trashed\\\/our-method\\\/\"]}]},{\"@type\":\"BreadcrumbList\",\"@id\":\"https:\\\/\\\/beachsidesoccer.org\\\/our-coaches__trashed\\\/our-method\\\/#breadcrumb\",\"itemListElement\":[{\"@type\":\"ListItem\",\"position\":1,\"name\":\"Home\",\"item\":\"https:\\\/\\\/beachsidesoccer.org\\\/\"},{\"@type\":\"ListItem\",\"position\":2,\"name\":\"Our Method\"}]},{\"@type\":\"WebSite\",\"@id\":\"https:\\\/\\\/beachsidesoccer.org\\\/#website\",\"url\":\"https:\\\/\\\/beachsidesoccer.org\\\/\",\"name\":\"Beachside Soccer\",\"description\":\"\",\"publisher\":{\"@id\":\"https:\\\/\\\/beachsidesoccer.org\\\/#organization\"},\"potentialAction\":[{\"@type\":\"SearchAction\",\"target\":{\"@type\":\"EntryPoint\",\"urlTemplate\":\"https:\\\/\\\/beachsidesoccer.org\\\/?s={search_term_string}\"},\"query-input\":{\"@type\":\"PropertyValueSpecification\",\"valueRequired\":true,\"valueName\":\"search_term_string\"}}],\"inLanguage\":\"es\"},{\"@type\":\"Organization\",\"@id\":\"https:\\\/\\\/beachsidesoccer.org\\\/#organization\",\"name\":\"Beachside Soccer Club\",\"url\":\"https:\\\/\\\/beachsidesoccer.org\\\/\",\"logo\":{\"@type\":\"ImageObject\",\"inLanguage\":\"es\",\"@id\":\"https:\\\/\\\/beachsidesoccer.org\\\/#\\\/schema\\\/logo\\\/image\\\/\",\"url\":\"https:\\\/\\\/beachsidesoccer.org\\\/wp-content\\\/uploads\\\/2016\\\/06\\\/beachside-bright-logo_small.jpg\",\"contentUrl\":\"https:\\\/\\\/beachsidesoccer.org\\\/wp-content\\\/uploads\\\/2016\\\/06\\\/beachside-bright-logo_small.jpg\",\"width\":144,\"height\":179,\"caption\":\"Beachside Soccer Club\"},\"image\":{\"@id\":\"https:\\\/\\\/beachsidesoccer.org\\\/#\\\/schema\\\/logo\\\/image\\\/\"}}]}<\/script>\n<!-- \/ Yoast SEO plugin. -->","yoast_head_json":{"title":"Our Method - Beachside Soccer","robots":{"index":"index","follow":"follow","max-snippet":"max-snippet:-1","max-image-preview":"max-image-preview:large","max-video-preview":"max-video-preview:-1"},"canonical":"https:\/\/beachsidesoccer.org\/es\/our-coaches__trashed\/our-method\/","og_locale":"es_MX","og_type":"article","og_title":"Our Method - Beachside Soccer","og_description":"Our methodology develops each\u00a0player\u2019s understanding of his\/her connection to their team, with and without the ball. This holistic approach to player development promotes a positive outlook and personal growth so &hellip; Continue reading Our Method","og_url":"https:\/\/beachsidesoccer.org\/es\/our-coaches__trashed\/our-method\/","og_site_name":"Beachside Soccer","article_modified_time":"2021-02-12T18:59:19+00:00","twitter_card":"summary_large_image","twitter_misc":{"Tiempo de lectura":"1 minuto"},"schema":{"@context":"https:\/\/schema.org","@graph":[{"@type":"WebPage","@id":"https:\/\/beachsidesoccer.org\/our-coaches__trashed\/our-method\/","url":"https:\/\/beachsidesoccer.org\/our-coaches__trashed\/our-method\/","name":"Our Method - Beachside Soccer","isPartOf":{"@id":"https:\/\/beachsidesoccer.org\/#website"},"datePublished":"2018-03-29T16:40:37+00:00","dateModified":"2021-02-12T18:59:19+00:00","breadcrumb":{"@id":"https:\/\/beachsidesoccer.org\/our-coaches__trashed\/our-method\/#breadcrumb"},"inLanguage":"es","potentialAction":[{"@type":"ReadAction","target":["https:\/\/beachsidesoccer.org\/our-coaches__trashed\/our-method\/"]}]},{"@type":"BreadcrumbList","@id":"https:\/\/beachsidesoccer.org\/our-coaches__trashed\/our-method\/#breadcrumb","itemListElement":[{"@type":"ListItem","position":1,"name":"Home","item":"https:\/\/beachsidesoccer.org\/"},{"@type":"ListItem","position":2,"name":"Our Method"}]},{"@type":"WebSite","@id":"https:\/\/beachsidesoccer.org\/#website","url":"https:\/\/beachsidesoccer.org\/","name":"F\u00fatbol junto a la playa","description":"","publisher":{"@id":"https:\/\/beachsidesoccer.org\/#organization"},"potentialAction":[{"@type":"SearchAction","target":{"@type":"EntryPoint","urlTemplate":"https:\/\/beachsidesoccer.org\/?s={search_term_string}"},"query-input":{"@type":"PropertyValueSpecification","valueRequired":true,"valueName":"search_term_string"}}],"inLanguage":"es"},{"@type":"Organization","@id":"https:\/\/beachsidesoccer.org\/#organization","name":"Club de f\u00fatbol junto a la playa","url":"https:\/\/beachsidesoccer.org\/","logo":{"@type":"ImageObject","inLanguage":"es","@id":"https:\/\/beachsidesoccer.org\/#\/schema\/logo\/image\/","url":"https:\/\/beachsidesoccer.org\/wp-content\/uploads\/2016\/06\/beachside-bright-logo_small.jpg","contentUrl":"https:\/\/beachsidesoccer.org\/wp-content\/uploads\/2016\/06\/beachside-bright-logo_small.jpg","width":144,"height":179,"caption":"Beachside Soccer Club"},"image":{"@id":"https:\/\/beachsidesoccer.org\/#\/schema\/logo\/image\/"}}]}},"_links":{"self":[{"href":"https:\/\/beachsidesoccer.org\/es\/wp-json\/wp\/v2\/pages\/16807","targetHints":{"allow":["GET"]}}],"collection":[{"href":"https:\/\/beachsidesoccer.org\/es\/wp-json\/wp\/v2\/pages"}],"about":[{"href":"https:\/\/beachsidesoccer.org\/es\/wp-json\/wp\/v2\/types\/page"}],"author":[{"embeddable":true,"href":"https:\/\/beachsidesoccer.org\/es\/wp-json\/wp\/v2\/users\/3"}],"replies":[{"embeddable":true,"href":"https:\/\/beachsidesoccer.org\/es\/wp-json\/wp\/v2\/comments?post=16807"}],"version-history":[{"count":0,"href":"https:\/\/beachsidesoccer.org\/es\/wp-json\/wp\/v2\/pages\/16807\/revisions"}],"wp:attachment":[{"href":"https:\/\/beachsidesoccer.org\/es\/wp-json\/wp\/v2\/media?parent=16807"}],"curies":[{"name":"wp","href":"https:\/\/api.w.org\/{rel}","templated":true}]}}